{"id":11518,"date":"2023-03-01T10:07:06","date_gmt":"2023-03-01T09:07:06","guid":{"rendered":"https:\/\/www.wdshop.eu\/?post_type=product&#038;p=11518"},"modified":"2025-12-26T20:30:11","modified_gmt":"2025-12-26T19:30:11","slug":"special-008","status":"publish","type":"product","link":"https:\/\/www.wdshop.eu\/index.php\/produkt\/special-008\/","title":{"rendered":"<span style=\"color: #808080;\"><small>Euro Souvenir <span style=\"color: #ff0000;\"><b>SPECIAL OFFER<\/b><\/small><\/span><br\/> <b>YEAR OF THE RABBIT<\/b> \u2013 <strong style=\"color: #800080;\"><small>TESTOVACIA TLA\u010c\/TEST PRINT<\/small><\/strong> [2023]"},"content":{"rendered":"<p><strong>0 Euro Souvenir\u00a0 2023 \u2013 TEST PRINT \u2013<span style=\"color: #ff0000;\"> PR\u00cdTLA\u010c\/IMPRINT<\/span><\/strong><\/p>\n<p style=\"text-align: center;\"><span style=\"color: #ff0000;\"><strong>Iba 1 existuj\u00faci exempl\u00e1r &#8211; testovacia tla\u010d (pe\u010diatka je umiestnen\u00e1 na prednej strane), tento exempl\u00e1r obsahuje \u010d\u00edslo 001506.<br \/>\n<\/strong><span style=\"color: #999999;\">Only 1 extant copy &#8211; test print (stamp is placed on front side), this copy is numbered 001506.<\/span><br \/>\n<\/span><\/p>\n<p style=\"text-align: center;\"><span style=\"color: #999999;\"><strong><span style=\"color: #ff0000;\">Predmetom n\u00e1kupu je uveden\u00fd produkt s n\u00e1hodn\u00fdm s\u00e9riov\u00fdm \u010d\u00edslom. Obr\u00e1zok sl\u00fa\u017ei len na ilustr\u00e1ciu.<\/span><br \/>\n<\/strong>The subject of the purchase is the specified product with a random serial number. The image is for illustration purposes only.<\/span><\/p>\n","protected":false},"excerpt":{"rendered":"<h2 style=\"text-indent: 0; word-spacing: 1; line-height: 0%;\" align=\"left\"><span style=\"color: #000000; font-size: x-large;\"><strong>Reviews<\/strong><\/span><span style=\"color: #ffcc00;\"><strong> \u2605\u2605\u2605\u2605\u2605<\/strong><\/span><\/h2>\n<p style=\"text-indent: 0; word-spacing: 1; line-height: 0%;\" align=\"left\"><span style=\"color: #808080; font-size: large;\"><strong>Hodnotenie 100% <\/strong><\/span><span style=\"color: #0000ff; font-size: x-large;\"><strong>(5 out of 5 stars)<\/strong><\/span><\/p>\n","protected":false},"featured_media":14915,"template":"","meta":{"_monsterinsights_skip_tracking":false,"_monsterinsights_sitenote_active":false,"_monsterinsights_sitenote_note":"","_monsterinsights_sitenote_category":0},"product_brand":[],"product_cat":[15,170,173,43],"product_tag":[117,169],"class_list":{"0":"post-11518","1":"product","2":"type-product","3":"status-publish","4":"has-post-thumbnail","6":"product_cat-souvenir","7":"product_cat-pritlace-imprints","8":"product_cat-souvenir-premium","9":"product_cat-eurosouvenirwd","10":"product_tag-117","11":"product_tag-eurosouvenirwd","13":"first","14":"instock","15":"shipping-taxable","16":"purchasable","17":"product-type-simple"},"_links":{"self":[{"href":"https:\/\/www.wdshop.eu\/index.php\/wp-json\/wp\/v2\/product\/11518","targetHints":{"allow":["GET"]}}],"collection":[{"href":"https:\/\/www.wdshop.eu\/index.php\/wp-json\/wp\/v2\/product"}],"about":[{"href":"https:\/\/www.wdshop.eu\/index.php\/wp-json\/wp\/v2\/types\/product"}],"wp:featuredmedia":[{"embeddable":true,"href":"https:\/\/www.wdshop.eu\/index.php\/wp-json\/wp\/v2\/media\/14915"}],"wp:attachment":[{"href":"https:\/\/www.wdshop.eu\/index.php\/wp-json\/wp\/v2\/media?parent=11518"}],"wp:term":[{"taxonomy":"product_brand","embeddable":true,"href":"https:\/\/www.wdshop.eu\/index.php\/wp-json\/wp\/v2\/product_brand?post=11518"},{"taxonomy":"product_cat","embeddable":true,"href":"https:\/\/www.wdshop.eu\/index.php\/wp-json\/wp\/v2\/product_cat?post=11518"},{"taxonomy":"product_tag","embeddable":true,"href":"https:\/\/www.wdshop.eu\/index.php\/wp-json\/wp\/v2\/product_tag?post=11518"}],"curies":[{"name":"wp","href":"https:\/\/api.w.org\/{rel}","templated":true}]}}