{"id":12761,"date":"2024-07-01T05:02:02","date_gmt":"2024-07-01T03:02:02","guid":{"rendered":"https:\/\/www.wdshop.eu\/?post_type=product&#038;p=12761"},"modified":"2026-03-13T22:37:02","modified_gmt":"2026-03-13T21:37:02","slug":"wdo007","status":"publish","type":"product","link":"https:\/\/www.wdshop.eu\/index.php\/produkt\/wdo007\/","title":{"rendered":"<span style=\"color: #808080;\"><small>Slovensko\/Slovakia <\/small><\/span><br\/>   <strong>ZUBOR HRIVNAT\u00dd <\/strong>[2024] <br\/>  <span style=\"color: #808080;\"><small><i>Num. ob\u00e1lka\/Num. envelope<\/i><\/small><\/span> \u2013 <strong style=\"color: #ff0000;\">300 ks\/pcs<\/strong><hr>"},"content":{"rendered":"<p>\ud83c\uddf8\ud83c\uddf0 <strong>FAUNA A FL\u00d3RA SLOVENSKA \u2013 ZUBOR HRIVNAT\u00dd<\/strong> | UNC kvalita<br \/>\n<span style=\"color: #999999;\">\ud83c\uddec\ud83c\udde7 <strong>FAUNA AND FLORA OF SLOVAKIA \u2013 EUROPEAN BISON<\/strong> | UNC quality<\/span><br \/>\n\ud83d\udccd Slovensko\/<span style=\"color: #999999;\">Slovakia<\/span> | 2024 | <a href=\"https:\/\/www.wdoriginal.com\/fauna-flora\" target=\"_blank\" rel=\"noopener\"><strong>www.wdoriginal.com<\/strong><\/a><\/p>\n<p>\ud83c\uddf8\ud83c\uddf0\ud83e\uddac <strong>Ofici\u00e1lna numizmatick\u00e1 ob\u00e1lka<\/strong> z ed\u00edcie FAUNA A FL\u00d3RA SLOVENSKA s\u202fmot\u00edvom zubra hrivnat\u00e9ho (Bison bonasus) \u2013 majest\u00e1tneho cicavca pova\u017eovan\u00e9ho za symbol ochrany pr\u00edrody a fauny Karp\u00e1t. Obsahuje pam\u00e4tn\u00fa mincu (5 \u20ac) a zn\u00e1mku s nomin\u00e1lnou hodnotou 4,00 SK (Slovensk\u00e1 republika).<\/p>\n<p><span style=\"color: #999999;\">\ud83c\uddec\ud83c\udde7\ud83e\uddac <strong>Official numismatic envelope<\/strong> from the FAUNA AND FLORA OF SLOVAKIA edition featuring the European bison (Bison bonasus) \u2013 a majestic mammal and powerful symbol of nature conservation and Carpathian fauna. It includes a commemorative coin (5 EUR) and a historical Slovak stamp (4.00 SK).<\/span><\/p>\n<p>\ud83c\uddf8\ud83c\uddf0\ud83d\udce6 <strong>Limitovan\u00fd n\u00e1klad 300 \u010d\u00edslovan\u00fdch kusov<\/strong> (0000001-0000300), \u010das\u0165 s\u00e9rie je s\u00fa\u010das\u0165ou kompletn\u00fdch albumov.<\/p>\n<p><span style=\"color: #999999;\">\ud83c\uddec\ud83c\udde7\ud83d\udce6 <strong>Limited edition of 300 numbered pieces<\/strong> (001\u2013300), part of the series is included in complete collector\u2019s albums.<\/span><\/p>\n<p>&nbsp;<\/p>\n<p>\ud83d\udcb6 <strong>Nomin\u00e1lna hodnota mince \/ <\/strong><span style=\"color: #999999;\">Nominal value of the coin<\/span>: 5 EUR<br \/>\n\ud83d\udcec <strong>Zn\u00e1mka \/ <\/strong><span style=\"color: #999999;\">Stamp<\/span>: 4,00 SK<br \/>\n\ud83c\udfa8 <strong>Autor mince \/ <\/strong><span style=\"color: #999999;\">Coin author<\/span>: Karol Li\u010dko<br \/>\n\ud83c\udfa8 <strong>Autor zn\u00e1mky \/ <\/strong><span style=\"color: #999999;\">Stamp author<\/span>: akad. mal. Vladim\u00edr Machaj, Doc. akad. mal. Martin \u010cinovsk\u00fd ArtD.<br \/>\n\ud83d\udcca <strong>N\u00e1klad \/ <\/strong><span style=\"color: #999999;\">Edition<\/span>:\u00a0300 kusov (\u010d\u00edslovan\u00e9) \/ <span style=\"color: #999999;\">300 pcs (numbered)<\/span><br \/>\n\ud83d\udcc5 <strong>D\u00e1tum vydania \/ <\/strong><span style=\"color: #999999;\">Release date<\/span>: 2. j\u00fal 2024 \/ <span style=\"color: #999999;\">July 2, 2024<\/span><br \/>\n\ud83e\ude99 <strong>Kvalita mince \/ <\/strong><span style=\"color: #999999;\">Coin quality<\/span>: UNC<\/p>\n<p>\ud83c\uddf8\ud83c\uddf0 <strong>Kvalita UNC<\/strong><br \/>\nN\u00e1zov kvality poch\u00e1dza z anglick\u00e9ho slova \u201euncirculated\u201c, \u010do znamen\u00e1 neobehov\u00fd. UNC kvalita euro minc\u00ed je najroz\u0161\u00edrenej\u0161ou kvalitou minc\u00ed. Tak\u00e1to minca sa raz\u00ed vo ve\u013ek\u00fdch mno\u017estv\u00e1ch a od obehovej kvality sa l\u00ed\u0161i len t\u00fdm, \u017ee sa do obehu nikdy nedostala a poch\u00e1dza priamo z banky. Jej hodnota je pochopite\u013ene vy\u0161\u0161ia ako hodnota obehovej mince. Pri manipul\u00e1cii je vhodn\u00e9 pou\u017e\u00edva\u0165 bavlnen\u00e9 rukavice, pinzetu a mince ma\u0165 ulo\u017een\u00e9 v kvalitnom albume ur\u010denom na dan\u00fd \u00fa\u010del.<\/p>\n<p><span style=\"color: #999999;\">\ud83c\uddec\ud83c\udde7 <strong>Quality UNC<\/strong><br \/>\nThe name of the quality comes from the English word \u201cuncirculated\u201d, which means non-circulating. UNC quality euro coins are the most common quality coins. Such a coin is minted in large quantities and differs from circulation quality only in that it has never entered circulation and comes directly from the bank. Its value is higher than the value of a circulation coin. When handling, it is advisable to use cotton gloves, tweezers, and keep the coin stored in a dedicated quality album.<\/span><\/p>\n","protected":false},"excerpt":{"rendered":"<p><strong>\ud83c\uddf8\ud83c\uddf0 Numizmatick\u00e1 ob\u00e1lka so symbolom slovenskej pr\u00edrody \u2013 zubor hrivnat\u00fd \u2013 v limitovanej s\u00e9rii iba 300 \u010d\u00edslovan\u00fdch kusov. Atrakt\u00edvna kombin\u00e1cia mince a historickej zn\u00e1mky, ide\u00e1lna do zberate\u013esk\u00fdch albumov. | <\/strong><span style=\"color: #999999;\">\ud83c\uddec\ud83c\udde7 Numismatic envelope featuring a powerful symbol of Slovak nature \u2013 the European bison \u2013 in a strictly limited edition of only 300 numbered pieces. An attractive combination of coin and historical stamp, perfect for collector albums.<\/span><\/p>\n","protected":false},"featured_media":13230,"template":"","meta":{"_monsterinsights_skip_tracking":false,"_monsterinsights_sitenote_active":false,"_monsterinsights_sitenote_note":"","_monsterinsights_sitenote_category":0},"product_brand":[],"product_cat":[47,124,165],"product_tag":[158,167],"class_list":{"0":"post-12761","1":"product","2":"type-product","3":"status-publish","4":"has-post-thumbnail","6":"product_cat-coins","7":"product_cat-5-euro","8":"product_cat-envelope","9":"product_tag-158","10":"product_tag-wdoriginal","12":"first","13":"instock","14":"shipping-taxable","15":"purchasable","16":"product-type-simple"},"_links":{"self":[{"href":"https:\/\/www.wdshop.eu\/index.php\/wp-json\/wp\/v2\/product\/12761","targetHints":{"allow":["GET"]}}],"collection":[{"href":"https:\/\/www.wdshop.eu\/index.php\/wp-json\/wp\/v2\/product"}],"about":[{"href":"https:\/\/www.wdshop.eu\/index.php\/wp-json\/wp\/v2\/types\/product"}],"wp:featuredmedia":[{"embeddable":true,"href":"https:\/\/www.wdshop.eu\/index.php\/wp-json\/wp\/v2\/media\/13230"}],"wp:attachment":[{"href":"https:\/\/www.wdshop.eu\/index.php\/wp-json\/wp\/v2\/media?parent=12761"}],"wp:term":[{"taxonomy":"product_brand","embeddable":true,"href":"https:\/\/www.wdshop.eu\/index.php\/wp-json\/wp\/v2\/product_brand?post=12761"},{"taxonomy":"product_cat","embeddable":true,"href":"https:\/\/www.wdshop.eu\/index.php\/wp-json\/wp\/v2\/product_cat?post=12761"},{"taxonomy":"product_tag","embeddable":true,"href":"https:\/\/www.wdshop.eu\/index.php\/wp-json\/wp\/v2\/product_tag?post=12761"}],"curies":[{"name":"wp","href":"https:\/\/api.w.org\/{rel}","templated":true}]}}