{"id":12875,"date":"2022-06-01T05:02:18","date_gmt":"2022-06-01T03:02:18","guid":{"rendered":"https:\/\/www.wdshop.eu\/?post_type=product&#038;p=12875"},"modified":"2026-03-13T22:37:15","modified_gmt":"2026-03-13T21:37:15","slug":"wdo003","status":"publish","type":"product","link":"https:\/\/www.wdshop.eu\/index.php\/produkt\/wdo003\/","title":{"rendered":"<span style=\"color: #808080;\"><small>Slovensko\/Slovakia <\/small><\/span><br\/>   <strong>KAMZ\u00cdK VRCHOVSK\u00dd TATRANSK\u00dd<\/strong> [2024] <br\/>  <span style=\"color: #808080;\"><small><i>Num. ob\u00e1lka\/Num. envelope<\/i><\/small><\/span> \u2013  <strong style=\"color: #ff0000;\">300 ks\/pcs<\/strong><hr>"},"content":{"rendered":"<p>\ud83c\uddf8\ud83c\uddf0 <strong>FAUNA A FL\u00d3RA SLOVENSKA \u2013 KAMZ\u00cdK VRCHOVSK\u00dd TATRANSK\u00dd<\/strong> | UNC kvalita<br \/>\n<span style=\"color: #999999;\">\ud83c\uddec\ud83c\udde7 <strong>FAUNA AND FLORA OF SLOVAKIA \u2013 TATRA CHAMOIS<\/strong> | UNC quality<\/span><br \/>\n\ud83d\udccd Slovensko\/<span style=\"color: #999999;\">Slovakia<\/span> | 2024 | <a href=\"https:\/\/www.wdoriginal.com\/fauna-flora\" target=\"_blank\" rel=\"noopener\"><strong>www.wdoriginal.com<\/strong><\/a><\/p>\n<p>\ud83c\uddf8\ud83c\uddf0\u26f0\ufe0f <strong>Ofici\u00e1lna numizmatick\u00e1 ob\u00e1lka<\/strong> z ed\u00edcie FAUNA A FL\u00d3RA SLOVENSKA s vyobrazen\u00edm kamz\u00edka vrchovsk\u00e9ho tatransk\u00e9ho (Rupicapra rupicapra tatrica), jedine\u010dn\u00e9ho druhu, ktor\u00fd sa vyskytuje len vo Vysok\u00fdch Tatr\u00e1ch. Obsahuje pam\u00e4tn\u00fa mincu v nomin\u00e1lnej hodnote 5 \u20ac a p\u00f4vodn\u00fa slovensk\u00fa zn\u00e1mku s nomin\u00e1lom 4,00 Sk.<\/p>\n<p><span style=\"color: #999999;\">\ud83c\uddec\ud83c\udde7\u26f0\ufe0f <strong>Official numismatic envelope<\/strong> from the FAUNA AND FLORA OF SLOVAKIA series featuring the Tatra chamois (Rupicapra rupicapra tatrica), a unique species found only in the High Tatras. Includes a commemorative 5 EUR coin and an original Slovak stamp with a nominal value of 4.00 SKK.<\/span><\/p>\n<p>\ud83c\uddf8\ud83c\uddf0\ud83d\udce6 <strong>Limitovan\u00fd n\u00e1klad 300 \u010d\u00edslovan\u00fdch kusov<\/strong> (0000001\u20130000300), \u010das\u0165 s\u00e9rie je s\u00fa\u010das\u0165ou kompletn\u00fdch zberate\u013esk\u00fdch albumov.<\/p>\n<p><span style=\"color: #999999;\">\ud83c\uddec\ud83c\udde7\ud83d\udce6 <strong>Limited edition of 300 numbered pieces<\/strong> (001\u2013300), part of the series is included in complete collector\u2019s albums.<\/span><\/p>\n<p>\ud83d\udcb6 <strong>Nomin\u00e1lna hodnota mince \/ <\/strong><span style=\"color: #999999;\">Nominal value of the coin<\/span>: 5 EUR<br \/>\n\ud83d\udcec <strong>Zn\u00e1mka \/ <\/strong><span style=\"color: #999999;\">Stamp<\/span>: 4,00 SK<br \/>\n\ud83c\udfa8 <strong>Autor mince \/ <\/strong><span style=\"color: #999999;\">Coin author<\/span>: Karol Li\u010dko<br \/>\n\ud83c\udfa8 <strong>Autor zn\u00e1mky \/ <\/strong><span style=\"color: #999999;\">Stamp authors<\/span>: akad. mal. Vladim\u00edr Machaj, Franti\u0161ek Horniak<br \/>\n\ud83d\udcca <strong>N\u00e1klad \/ <\/strong><span style=\"color: #999999;\">Edition<\/span>:\u00a0300 kusov (\u010d\u00edslovan\u00e9) \/ <span style=\"color: #999999;\">300 pcs (numbered)<\/span><br \/>\n\ud83d\udcc5 <strong>D\u00e1tum vydania \/ <\/strong><span style=\"color: #999999;\">Release date<\/span>: 22. j\u00fal 2024 \/ <span style=\"color: #999999;\">July 22, 2024<\/span><br \/>\n\ud83e\ude99 <strong>Kvalita mince \/ <\/strong><span style=\"color: #999999;\">Coin quality<\/span>: UNC<\/p>\n<p>\ud83c\uddf8\ud83c\uddf0 <strong>Kvalita UNC<\/strong><br \/>\nN\u00e1zov kvality poch\u00e1dza z anglick\u00e9ho slova \u201euncirculated\u201c, \u010do znamen\u00e1 neobehov\u00fd. UNC kvalita euro minc\u00ed je najroz\u0161\u00edrenej\u0161ou kvalitou minc\u00ed. Tak\u00e1to minca sa raz\u00ed vo ve\u013ek\u00fdch mno\u017estv\u00e1ch a od obehovej kvality sa l\u00ed\u0161i len t\u00fdm, \u017ee sa do obehu nikdy nedostala a poch\u00e1dza priamo z banky. Jej hodnota je pochopite\u013ene vy\u0161\u0161ia ako hodnota obehovej mince. Pri manipul\u00e1cii je vhodn\u00e9 pou\u017e\u00edva\u0165 bavlnen\u00e9 rukavice, pinzetu a mince ma\u0165 ulo\u017een\u00e9 v kvalitnom albume ur\u010denom na dan\u00fd \u00fa\u010del.<\/p>\n<p><span style=\"color: #999999;\">\ud83c\uddec\ud83c\udde7 <strong>Quality UNC<\/strong><br \/>\nThe name of the quality comes from the English word \u201cuncirculated\u201d, which means non-circulating. UNC quality euro coins are the most common quality coins. Such a coin is minted in large quantities and differs from circulation quality only in that it has never entered circulation and comes directly from the bank. Its value is higher than the value of a circulation coin. When handling, it is advisable to use cotton gloves, tweezers, and keep the coin stored in a dedicated quality album.<\/span><\/p>\n","protected":false},"excerpt":{"rendered":"<p><strong>\ud83c\uddf8\ud83c\uddf0 Numizmatick\u00e1 ob\u00e1lka s mot\u00edvom kamz\u00edka vrchovsk\u00e9ho tatransk\u00e9ho \u2013 endemick\u00e9ho symbolu Vysok\u00fdch Tatier \u2013 v \u010d\u00edslovanej s\u00e9rii 300 kusov. Obsahuje pam\u00e4tn\u00fa mincu a zn\u00e1mku s pr\u00edrodn\u00fdm mot\u00edvom. | <\/strong><span style=\"color: #999999;\">\ud83c\uddec\ud83c\udde7 Numismatic envelope featuring the Tatra chamois \u2013 an endemic symbol of the High Tatras \u2013 in a numbered series of 300 pieces. Includes a commemorative coin and a nature-themed stamp.<\/span><\/p>\n","protected":false},"featured_media":13228,"template":"","meta":{"_monsterinsights_skip_tracking":false,"_monsterinsights_sitenote_active":false,"_monsterinsights_sitenote_note":"","_monsterinsights_sitenote_category":0},"product_brand":[],"product_cat":[47,124,165],"product_tag":[158,167],"class_list":{"0":"post-12875","1":"product","2":"type-product","3":"status-publish","4":"has-post-thumbnail","6":"product_cat-coins","7":"product_cat-5-euro","8":"product_cat-envelope","9":"product_tag-158","10":"product_tag-wdoriginal","12":"first","13":"instock","14":"shipping-taxable","15":"product-type-simple"},"_links":{"self":[{"href":"https:\/\/www.wdshop.eu\/index.php\/wp-json\/wp\/v2\/product\/12875","targetHints":{"allow":["GET"]}}],"collection":[{"href":"https:\/\/www.wdshop.eu\/index.php\/wp-json\/wp\/v2\/product"}],"about":[{"href":"https:\/\/www.wdshop.eu\/index.php\/wp-json\/wp\/v2\/types\/product"}],"wp:featuredmedia":[{"embeddable":true,"href":"https:\/\/www.wdshop.eu\/index.php\/wp-json\/wp\/v2\/media\/13228"}],"wp:attachment":[{"href":"https:\/\/www.wdshop.eu\/index.php\/wp-json\/wp\/v2\/media?parent=12875"}],"wp:term":[{"taxonomy":"product_brand","embeddable":true,"href":"https:\/\/www.wdshop.eu\/index.php\/wp-json\/wp\/v2\/product_brand?post=12875"},{"taxonomy":"product_cat","embeddable":true,"href":"https:\/\/www.wdshop.eu\/index.php\/wp-json\/wp\/v2\/product_cat?post=12875"},{"taxonomy":"product_tag","embeddable":true,"href":"https:\/\/www.wdshop.eu\/index.php\/wp-json\/wp\/v2\/product_tag?post=12875"}],"curies":[{"name":"wp","href":"https:\/\/api.w.org\/{rel}","templated":true}]}}