{"id":13348,"date":"2024-09-01T05:04:20","date_gmt":"2024-09-01T03:04:20","guid":{"rendered":"https:\/\/www.wdshop.eu\/?post_type=product&#038;p=13348"},"modified":"2026-03-13T22:36:14","modified_gmt":"2026-03-13T21:36:14","slug":"wdo039","status":"publish","type":"product","link":"https:\/\/www.wdshop.eu\/index.php\/produkt\/wdo039\/","title":{"rendered":"<span style=\"color: #808080;\"><small>Slovensko\/Slovakia <\/small><\/span><br\/>   <strong>MEDZIN\u00c1RODN\u00dd MARAT\u00d3NSKY BEH<\/strong> [2024] <br\/>  <span style=\"color: #808080;\"><small><i>Num. ob\u00e1lka\/Num. envelope<\/i><\/small><\/span> \u2013  <strong style=\"color: #ff0000;\">300 ks\/pcs<\/strong><hr>"},"content":{"rendered":"<p>\ud83c\uddf8\ud83c\uddf0 <strong>100. V\u00ddRO\u010cIE MMM KO\u0160ICE<\/strong> | UNC kvalita<br \/>\n<span style=\"color: #999999;\">\ud83c\uddec\ud83c\udde7 <strong>100th ANNIVERSARY OF MMM KO\u0160ICE<\/strong> | UNC quality<\/span><br \/>\n\ud83d\udccd Slovensko\/<span style=\"color: #999999;\">Slovakia<\/span> | 2024 | <a href=\"https:\/\/www.wdoriginal.com\" target=\"_blank\" rel=\"noopener\"><strong>www.wdoriginal.com<\/strong><\/a><\/p>\n<p>\ud83c\uddf8\ud83c\uddf0\ud83c\udfc3\u200d\u2642\ufe0f <strong>Ofici\u00e1lna numizmatick\u00e1 ob\u00e1lka<\/strong> vydan\u00e1 pri pr\u00edle\u017eitosti <strong>100. v\u00fdro\u010dia Medzin\u00e1rodn\u00e9ho marat\u00f3nskeho behu v Ko\u0161iciach<\/strong> \u2013 najstar\u0161ieho marat\u00f3nu v Eur\u00f3pe. Obsahuje pam\u00e4tn\u00fa 2-eurov\u00fa mincu a slovensk\u00fa zn\u00e1mku s hodnotou 1,90 \u20ac.<\/p>\n<p><span style=\"color: #999999;\">\ud83c\uddec\ud83c\udde7\ud83c\udfc3\u200d\u2642\ufe0f <strong>Official numismatic envelope<\/strong> issued for the <strong>100th anniversary of the International Peace Marathon in Ko\u0161ice<\/strong> \u2013 the oldest marathon in Europe. Includes a commemorative 2-euro coin and a Slovak stamp worth \u20ac1.90.<\/span><\/p>\n<p>\ud83c\uddf8\ud83c\uddf0\ud83d\udce6 <strong>N\u00e1klad len 300 \u010d\u00edslovan\u00fdch kusov<\/strong> (0000001-0000300). Ka\u017ed\u00fd kus je dod\u00e1van\u00fd v ochrannom balen\u00ed \u2013 ide\u00e1lny pre zberate\u013eov.<\/p>\n<p><span style=\"color: #999999;\">\ud83c\uddec\ud83c\udde7\ud83d\udce6 <strong>Edition limited to 300 numbered pieces<\/strong> (0000001-0000300). Each item comes in protective packaging \u2013 ideal for collectors.<\/span><\/p>\n<p>\ud83d\udcb6 <strong>Nomin\u00e1lna hodnota mince \/ <\/strong><span style=\"color: #999999;\">Nominal value of the coin<\/span>: 2 EUR<br \/>\n\ud83d\udcec <strong>Zn\u00e1mka \/ <\/strong><span style=\"color: #999999;\">Stamp<\/span>: 1,90 EUR<br \/>\n\ud83c\udfa8 <strong>Autor mince \/ <\/strong><span style=\"color: #999999;\">Coin author<\/span>: Mgr. art. Roman Lug\u00e1r<br \/>\n\u2712\ufe0f <strong>Autor zn\u00e1mky \/ <\/strong><span style=\"color: #999999;\">Stamp author<\/span>: Mykola Kovalenko<br \/>\n\ud83d\udd8c\ufe0f <strong>Autor ob\u00e1lky \/ <\/strong><span style=\"color: #999999;\">Envelope author<\/span>: Ing. Pavol Lipt\u00e1k<br \/>\n\ud83d\udcca <strong>N\u00e1klad \/ <\/strong><span style=\"color: #999999;\">Edition<\/span>: 300 kusov (\u010d\u00edslovan\u00e9) \/ <span style=\"color: #999999;\">300 pcs (numbered)<\/span><br \/>\n\ud83d\udcc5 <strong>D\u00e1tum vydania \/ <\/strong><span style=\"color: #999999;\">Release date<\/span>: 4. okt\u00f3ber 2024 \/ <span style=\"color: #999999;\">October 4, 2024<\/span><br \/>\n\ud83e\ude99 <strong>Kvalita mince \/ <\/strong><span style=\"color: #999999;\">Coin quality<\/span>: UNC<\/p>\n<p>\ud83c\uddf8\ud83c\uddf0 <strong>Kvalita UNC<\/strong><br \/>\nN\u00e1zov kvality poch\u00e1dza z anglick\u00e9ho slova \u201euncirculated\u201c, \u010do znamen\u00e1 neobehov\u00fd. UNC kvalita euro minc\u00ed je najroz\u0161\u00edrenej\u0161ou kvalitou minc\u00ed. Tak\u00e1to minca sa raz\u00ed vo ve\u013ek\u00fdch mno\u017estv\u00e1ch a od obehovej kvality sa l\u00ed\u0161i len t\u00fdm, \u017ee sa do obehu nikdy nedostala a poch\u00e1dza priamo z banky. Jej hodnota je pochopite\u013ene vy\u0161\u0161ia ako hodnota obehovej mince. Pri manipul\u00e1cii je vhodn\u00e9 pou\u017e\u00edva\u0165 bavlnen\u00e9 rukavice, pinzetu a mince ma\u0165 ulo\u017een\u00e9 v kvalitnom albume ur\u010denom na dan\u00fd \u00fa\u010del.<\/p>\n<p><span style=\"color: #999999;\">\ud83c\uddec\ud83c\udde7 <strong>Quality UNC<\/strong><br \/>\nThe name of the quality comes from the English word \u201cuncirculated\u201d, which means non-circulating. UNC quality euro coins are the most common quality coins. Such a coin is minted in large quantities and differs from circulation quality only in that it has never entered circulation and comes directly from the bank. Its value is higher than the value of a circulation coin. When handling, it is advisable to use cotton gloves, tweezers, and keep the coin stored in a dedicated quality album.<\/span><\/p>\n","protected":false},"excerpt":{"rendered":"<p><strong>\ud83c\uddf8\ud83c\uddf0 Numizmatick\u00e1 ob\u00e1lka vydan\u00e1 pri pr\u00edle\u017eitosti 100. v\u00fdro\u010dia Medzin\u00e1rodn\u00e9ho marat\u00f3nskeho behu v Ko\u0161iciach \u2013 len 300 \u010d\u00edslovan\u00fdch kusov. Obsahuje 2-eurov\u00fa pam\u00e4tn\u00fa mincu a zn\u00e1mku 1,90 \u20ac. | <\/strong><span style=\"color: #999999;\">\ud83c\uddec\ud83c\udde7 Numismatic envelope issued for the 100th anniversary of the International Peace Marathon in Ko\u0161ice \u2013 only 300 numbered pieces. Includes a 2-euro commemorative coin and a \u20ac1.90 stamp.<\/span><\/p>\n","protected":false},"featured_media":13357,"template":"","meta":{"_monsterinsights_skip_tracking":false,"_monsterinsights_sitenote_active":false,"_monsterinsights_sitenote_note":"","_monsterinsights_sitenote_category":0},"product_brand":[],"product_cat":[47,123,165],"product_tag":[158,167],"class_list":{"0":"post-13348","1":"product","2":"type-product","3":"status-publish","4":"has-post-thumbnail","6":"product_cat-coins","7":"product_cat-2-euro","8":"product_cat-envelope","9":"product_tag-158","10":"product_tag-wdoriginal","12":"first","13":"instock","14":"shipping-taxable","15":"product-type-simple"},"_links":{"self":[{"href":"https:\/\/www.wdshop.eu\/index.php\/wp-json\/wp\/v2\/product\/13348","targetHints":{"allow":["GET"]}}],"collection":[{"href":"https:\/\/www.wdshop.eu\/index.php\/wp-json\/wp\/v2\/product"}],"about":[{"href":"https:\/\/www.wdshop.eu\/index.php\/wp-json\/wp\/v2\/types\/product"}],"wp:featuredmedia":[{"embeddable":true,"href":"https:\/\/www.wdshop.eu\/index.php\/wp-json\/wp\/v2\/media\/13357"}],"wp:attachment":[{"href":"https:\/\/www.wdshop.eu\/index.php\/wp-json\/wp\/v2\/media?parent=13348"}],"wp:term":[{"taxonomy":"product_brand","embeddable":true,"href":"https:\/\/www.wdshop.eu\/index.php\/wp-json\/wp\/v2\/product_brand?post=13348"},{"taxonomy":"product_cat","embeddable":true,"href":"https:\/\/www.wdshop.eu\/index.php\/wp-json\/wp\/v2\/product_cat?post=13348"},{"taxonomy":"product_tag","embeddable":true,"href":"https:\/\/www.wdshop.eu\/index.php\/wp-json\/wp\/v2\/product_tag?post=13348"}],"curies":[{"name":"wp","href":"https:\/\/api.w.org\/{rel}","templated":true}]}}