{"id":13601,"date":"2015-09-01T05:03:18","date_gmt":"2015-09-01T03:03:18","guid":{"rendered":"https:\/\/www.wdshop.eu\/?post_type=product&#038;p=13601"},"modified":"2026-03-13T22:37:40","modified_gmt":"2026-03-13T21:37:40","slug":"wdo027","status":"publish","type":"product","link":"https:\/\/www.wdshop.eu\/index.php\/produkt\/wdo027\/","title":{"rendered":"<span style=\"color: #808080;\"><small>Slovensko\/Slovakia <\/small><\/span><br\/>   <strong>VLAJKA EUR\u00d3PSKEJ \u00daNIE<\/strong> [2024] <br\/>  <span style=\"color: #808080;\"><small><i>Num. ob\u00e1lka\/Num. envelope<\/i><\/small><\/span> \u2013  <strong style=\"color: #ff0000;\">300 ks\/pcs<\/strong><hr>"},"content":{"rendered":"<p>\ud83c\uddf8\ud83c\uddf0 <strong>VLAJKA EUR\u00d3PSKEJ \u00daNIE<\/strong> | UNC kvalita<br \/>\n<span style=\"color: #999999;\">\ud83c\uddec\ud83c\udde7 <strong>EUROPEAN UNION FLAG<\/strong> | UNC quality<\/span><br \/>\n\ud83d\udccd Slovensko\/<span style=\"color: #999999;\">Slovakia<\/span> | 2024 | <a href=\"https:\/\/www.wdoriginal.com\" target=\"_blank\" rel=\"noopener\"><strong>www.wdoriginal.com<\/strong><\/a><\/p>\n<p>\ud83c\uddf8\ud83c\uddf0\ud83c\uddea\ud83c\uddfa <strong>Ofici\u00e1lna numizmatick\u00e1 ob\u00e1lka<\/strong> vydan\u00e1 pri pr\u00edle\u017eitosti 20. v\u00fdro\u010dia vstupu Slovenska do E\u00da. Obsahuje pam\u00e4tn\u00fa 2-eurov\u00fa mincu a p\u00f4vodn\u00fa slovensk\u00fa zn\u00e1mku s nomin\u00e1lnou hodnotou 18 Sk.<\/p>\n<p><span style=\"color: #999999;\">\ud83c\uddec\ud83c\udde7\ud83c\uddea\ud83c\uddfa <strong>Official numismatic envelope<\/strong> issued to commemorate the 20th anniversary of Slovakia\u2019s accession to the EU. Includes a commemorative 2-euro coin and the original Slovak stamp with a nominal value of 18 SKK.<\/span><\/p>\n<p>\ud83c\uddf8\ud83c\uddf0\ud83d\udce6 <strong>N\u00e1klad iba 300 \u010d\u00edslovan\u00fdch kusov<\/strong> (0000001-0000300). Ka\u017ed\u00fd kus je dod\u00e1van\u00fd v ochrannom balen\u00ed, ide\u00e1lny na archiv\u00e1ciu \u010di darovanie.<\/p>\n<p><span style=\"color: #999999;\">\ud83c\uddec\ud83c\udde7\ud83d\udce6 <strong>Edition limited to 300 numbered pieces<\/strong> (0000001-0000300). Each piece comes in protective packaging, perfect for archiving or as a gift.<\/span><\/p>\n<p>\ud83d\udcb6 <strong>Nomin\u00e1lna hodnota mince \/ <\/strong><span style=\"color: #999999;\">Nominal value of the coin<\/span>: 2 EUR<br \/>\n\ud83d\udcec <strong>Zn\u00e1mka \/ <\/strong><span style=\"color: #999999;\">Stamp<\/span>: 18 SKK<br \/>\n\ud83c\udfa8 <strong>Autor mince \/ <\/strong><span style=\"color: #999999;\">Coin author<\/span>: George Stamatopoulos<br \/>\n\u2712\ufe0f <strong>Autor zn\u00e1mky \/ <\/strong><span style=\"color: #999999;\">Stamp author<\/span>: Jean-Pierre Mizzi<br \/>\n\ud83d\udd8c\ufe0f <strong>Autor ob\u00e1lky \/ <\/strong><span style=\"color: #999999;\">Envelope author<\/span>: Ing. Pavol Lipt\u00e1k<br \/>\n\ud83d\udcca <strong>N\u00e1klad \/ <\/strong><span style=\"color: #999999;\">Edition<\/span>: 300 kusov (\u010d\u00edslovan\u00e9) \/ <span style=\"color: #999999;\">300 pcs (numbered)<\/span><br \/>\n\ud83d\udcc5 <strong>D\u00e1tum vydania \/ <\/strong><span style=\"color: #999999;\">Release date<\/span>: 9. november 2024 \/ <span style=\"color: #999999;\">November 9, 2024<\/span><br \/>\n\ud83e\ude99 <strong>Kvalita mince \/ <\/strong><span style=\"color: #999999;\">Coin quality<\/span>: UNC<\/p>\n<p>\ud83c\uddf8\ud83c\uddf0 <strong>Kvalita UNC<\/strong><br \/>\nN\u00e1zov kvality poch\u00e1dza z anglick\u00e9ho slova \u201euncirculated\u201c, \u010do znamen\u00e1 neobehov\u00fd. UNC kvalita euro minc\u00ed je najroz\u0161\u00edrenej\u0161ou kvalitou minc\u00ed. Tak\u00e1to minca sa raz\u00ed vo ve\u013ek\u00fdch mno\u017estv\u00e1ch a od obehovej kvality sa l\u00ed\u0161i len t\u00fdm, \u017ee sa do obehu nikdy nedostala a poch\u00e1dza priamo z banky. Jej hodnota je pochopite\u013ene vy\u0161\u0161ia ako hodnota obehovej mince. Pri manipul\u00e1cii je vhodn\u00e9 pou\u017e\u00edva\u0165 bavlnen\u00e9 rukavice, pinzetu a mince ma\u0165 ulo\u017een\u00e9 v kvalitnom albume ur\u010denom na dan\u00fd \u00fa\u010del.<\/p>\n<p><span style=\"color: #999999;\">\ud83c\uddec\ud83c\udde7 <strong>Quality UNC<\/strong><br \/>\nThe name of the quality comes from the English word \u201cuncirculated\u201d, which means non-circulating. UNC quality euro coins are the most common quality coins. Such a coin is minted in large quantities and differs from circulation quality only in that it has never entered circulation and comes directly from the bank. Its value is higher than the value of a circulation coin. When handling, it is advisable to use cotton gloves, tweezers, and keep the coin stored in a dedicated quality album.<\/span><\/p>\n","protected":false},"excerpt":{"rendered":"<p><strong>\ud83c\uddf8\ud83c\uddf0 Exkluz\u00edvna numizmatick\u00e1 ob\u00e1lka s mot\u00edvom vlajky Eur\u00f3pskej \u00fanie v limitovanej ed\u00edcii len 300 \u010d\u00edslovan\u00fdch kusov. Elegantn\u00fd zberate\u013esk\u00fd k\u00fasok s dvoj-eurovou mincou a p\u00f4vodnou slovenskou zn\u00e1mkou s nomin\u00e1lom 18 Sk. | <\/strong><span style=\"color: #999999;\">\ud83c\uddec\ud83c\udde7 Exclusive numismatic envelope featuring the flag of the European Union in a strictly limited edition of only 300 numbered pieces. A refined collectible with a 2-euro coin and the original Slovak stamp (18 SKK).<\/span><\/p>\n","protected":false},"featured_media":13607,"template":"","meta":{"_monsterinsights_skip_tracking":false,"_monsterinsights_sitenote_active":false,"_monsterinsights_sitenote_note":"","_monsterinsights_sitenote_category":0},"product_brand":[],"product_cat":[47,123,165],"product_tag":[158,167],"class_list":{"0":"post-13601","1":"product","2":"type-product","3":"status-publish","4":"has-post-thumbnail","6":"product_cat-coins","7":"product_cat-2-euro","8":"product_cat-envelope","9":"product_tag-158","10":"product_tag-wdoriginal","12":"first","13":"instock","14":"shipping-taxable","15":"purchasable","16":"product-type-simple"},"_links":{"self":[{"href":"https:\/\/www.wdshop.eu\/index.php\/wp-json\/wp\/v2\/product\/13601","targetHints":{"allow":["GET"]}}],"collection":[{"href":"https:\/\/www.wdshop.eu\/index.php\/wp-json\/wp\/v2\/product"}],"about":[{"href":"https:\/\/www.wdshop.eu\/index.php\/wp-json\/wp\/v2\/types\/product"}],"wp:featuredmedia":[{"embeddable":true,"href":"https:\/\/www.wdshop.eu\/index.php\/wp-json\/wp\/v2\/media\/13607"}],"wp:attachment":[{"href":"https:\/\/www.wdshop.eu\/index.php\/wp-json\/wp\/v2\/media?parent=13601"}],"wp:term":[{"taxonomy":"product_brand","embeddable":true,"href":"https:\/\/www.wdshop.eu\/index.php\/wp-json\/wp\/v2\/product_brand?post=13601"},{"taxonomy":"product_cat","embeddable":true,"href":"https:\/\/www.wdshop.eu\/index.php\/wp-json\/wp\/v2\/product_cat?post=13601"},{"taxonomy":"product_tag","embeddable":true,"href":"https:\/\/www.wdshop.eu\/index.php\/wp-json\/wp\/v2\/product_tag?post=13601"}],"curies":[{"name":"wp","href":"https:\/\/api.w.org\/{rel}","templated":true}]}}