{"id":13948,"date":"2025-01-01T05:06:24","date_gmt":"2025-01-01T04:06:24","guid":{"rendered":"https:\/\/www.wdshop.eu\/?post_type=product&#038;p=13948"},"modified":"2026-03-13T22:34:48","modified_gmt":"2026-03-13T21:34:48","slug":"alb001","status":"publish","type":"product","link":"https:\/\/www.wdshop.eu\/index.php\/produkt\/alb001\/","title":{"rendered":"<span style=\"color: #808080;\"><small>Slovensko\/Slovakia <\/small><\/span><br\/>   <strong>MAJSTROVSTV\u00c1 EUR\u00d3PY V HOKEJI<\/strong> [2025] <br\/>  <span style=\"color: #808080;\"><small><i>Zberate\u013esk\u00fd album\/Collector&#8217;s album<\/i><\/small><\/span> \u2013 <strong style=\"color: #ff0000;\">50 ks\/pcs<\/strong>  <hr>"},"content":{"rendered":"<p style=\"text-align: left;\"><strong>\ud83c\uddf8\ud83c\uddf0 <strong>\u013dADOV\u00dd HOKEJ \u2013 <span style=\"color: #ff0000;\">ZBERATE\u013dSK\u00dd ALBUM<\/span><\/strong><br \/>\n<span style=\"color: #999999;\">\ud83c\uddec\ud83c\udde7 <strong>ICE HOCKEY \u2013 <span style=\"color: #ff0000;\">COLLECTOR\u2019S ALBUM<\/span><\/strong><\/span><br \/>\n\ud83d\udccd Slovensko\/<span style=\"color: #999999;\">Slovakia<\/span> | 2025 | <a href=\"https:\/\/www.wdoriginal.com\/vyrocia\" target=\"_blank\" rel=\"noopener\"><strong>www.wdoriginal.com<\/strong><\/a> <\/strong><\/p>\n<p>\ud83c\uddf8\ud83c\uddf0\ud83c\udfd2 <strong>Exkluz\u00edvna s\u00e9ria 7 numizmatick\u00fdch ob\u00e1lok<\/strong> vydan\u00e1 pri pr\u00edle\u017eitosti Majstrovstiev Eur\u00f3py v \u013eadovom hokeji 2025. Ka\u017ed\u00e1 ob\u00e1lka obsahuje origin\u00e1lnu zn\u00e1mku, mincu v kvalite <strong>UNC<\/strong> a tematick\u00fa informa\u010dn\u00fa kartu. S\u00fa\u010das\u0165ou je aj <strong>pam\u00e4tn\u00fd certifik\u00e1t<\/strong> potvrdzuj\u00faci limitovan\u00fd n\u00e1klad.<\/p>\n<p><span style=\"color: #999999;\">\ud83c\uddec\ud83c\udde7\ud83c\udfd2 <strong>Exclusive set of 7 numismatic envelopes<\/strong> issued for the 2025 European Ice Hockey Championship. Each envelope includes an original stamp, UNC-quality coin, and themed info card. The set comes with a <strong>commemorative certificate<\/strong> confirming its limited edition.<\/span><\/p>\n<p>\ud83c\uddf8\ud83c\uddf0\ud83d\udce6 Vytla\u010den\u00fdch len <strong>50 kompletov<\/strong> \u2013 mimoriadne <strong>zberate\u013esky atrakt\u00edvne<\/strong>. \u010c\u00edslovanie ob\u00e1lok: <strong>0000001\u20130000050<\/strong>.<\/p>\n<p><span style=\"color: #999999;\">\ud83c\uddec\ud83c\udde7\ud83d\udce6 Only <strong>50 complete sets<\/strong> printed \u2013 highly <strong>attractive for collectors<\/strong>. Envelope numbering: <strong>0000001\u20130000050<\/strong>.<\/span><\/p>\n<p>\ud83d\udcb6 <strong>Nomin\u00e1lna hodnota mince \/ <\/strong><span style=\"color: #999999;\">Nominal value of the coin<\/span>: 2 EUR<br \/>\n\ud83d\udcec <strong>Zn\u00e1mka \/ <\/strong><span style=\"color: #999999;\">Stamp<\/span>: pod\u013ea vydania \/ <span style=\"color: #999999;\">according to issue<\/span><br \/>\n\ud83c\udfa8 <strong>Autor mince a zn\u00e1mky \/ <\/strong><span style=\"color: #999999;\">Coin &amp; stamp author<\/span>: pod\u013ea vydania \/ <span style=\"color: #999999;\">according to issue<\/span><br \/>\n\ud83d\udcca <strong>N\u00e1klad \/ <\/strong><span style=\"color: #999999;\">Edition<\/span>: 50 ks (\u010d\u00edslovan\u00e9 sety) \/ <span style=\"color: #999999;\">50 pcs (numbered sets)<\/span><br \/>\n\ud83d\udcc5 <strong>D\u00e1tum vydania \/ <\/strong><span style=\"color: #999999;\">Release date<\/span>: 20. janu\u00e1r 2025 \/ <span style=\"color: #999999;\">January 20, 2025<\/span><br \/>\n\ud83e\ude99 <strong>Kvalita mince \/ <\/strong><span style=\"color: #999999;\">Coin quality<\/span>: UNC<\/p>\n","protected":false},"excerpt":{"rendered":"<p>\ud83c\uddf8\ud83c\uddf0 <strong>Exkluz\u00edvny zberate\u013esk\u00fd album<\/strong> s <strong>numizmatick\u00fdmi ob\u00e1lkami<\/strong> vydan\u00fdmi pri pr\u00edle\u017eitosti <strong>Majstrovstiev Eur\u00f3py v \u013eadovom hokeji 2025<\/strong>. Obsahuje 7 r\u00f4znych verzi\u00ed ob\u00e1lok (WDo040\u2013046), <strong>\u010d\u00edslovanie 0000001-0000050<\/strong> a <strong>pam\u00e4tn\u00fd certifik\u00e1t<\/strong>. Iba <strong>50 kompletov<\/strong>! | <span style=\"color: #999999;\">\ud83c\uddec\ud83c\udde7 <strong>Exclusive collector\u2019s album<\/strong> with <strong>numismatic envelopes<\/strong> issued for the <strong>2025 European Ice Hockey Championship<\/strong>. Includes 7 variants (WDo040\u2013046), <strong>numbered 0000001-0000050<\/strong>, and a <strong>commemorative certificate<\/strong>. Only <strong>50 sets<\/strong> made!<\/span><\/p>\n","protected":false},"featured_media":14377,"template":"","meta":{"_monsterinsights_skip_tracking":false,"_monsterinsights_sitenote_active":false,"_monsterinsights_sitenote_note":"","_monsterinsights_sitenote_category":0},"product_brand":[],"product_cat":[47,123,165],"product_tag":[168,167],"class_list":{"0":"post-13948","1":"product","2":"type-product","3":"status-publish","4":"has-post-thumbnail","6":"product_cat-coins","7":"product_cat-2-euro","8":"product_cat-envelope","9":"product_tag-168","10":"product_tag-wdoriginal","12":"first","13":"instock","14":"shipping-taxable","15":"purchasable","16":"product-type-simple"},"_links":{"self":[{"href":"https:\/\/www.wdshop.eu\/index.php\/wp-json\/wp\/v2\/product\/13948","targetHints":{"allow":["GET"]}}],"collection":[{"href":"https:\/\/www.wdshop.eu\/index.php\/wp-json\/wp\/v2\/product"}],"about":[{"href":"https:\/\/www.wdshop.eu\/index.php\/wp-json\/wp\/v2\/types\/product"}],"wp:featuredmedia":[{"embeddable":true,"href":"https:\/\/www.wdshop.eu\/index.php\/wp-json\/wp\/v2\/media\/14377"}],"wp:attachment":[{"href":"https:\/\/www.wdshop.eu\/index.php\/wp-json\/wp\/v2\/media?parent=13948"}],"wp:term":[{"taxonomy":"product_brand","embeddable":true,"href":"https:\/\/www.wdshop.eu\/index.php\/wp-json\/wp\/v2\/product_brand?post=13948"},{"taxonomy":"product_cat","embeddable":true,"href":"https:\/\/www.wdshop.eu\/index.php\/wp-json\/wp\/v2\/product_cat?post=13948"},{"taxonomy":"product_tag","embeddable":true,"href":"https:\/\/www.wdshop.eu\/index.php\/wp-json\/wp\/v2\/product_tag?post=13948"}],"curies":[{"name":"wp","href":"https:\/\/api.w.org\/{rel}","templated":true}]}}