{"id":14625,"date":"2025-10-18T12:38:14","date_gmt":"2025-10-18T10:38:14","guid":{"rendered":"https:\/\/www.wdshop.eu\/?post_type=product&#038;p=14625"},"modified":"2025-10-18T12:44:31","modified_gmt":"2025-10-18T10:44:31","slug":"1001","status":"publish","type":"product","link":"https:\/\/www.wdshop.eu\/index.php\/produkt\/1001\/","title":{"rendered":"<span style=\"color: #808080;\"><small>DutchAuction\u2122 #1001<\/small><\/span><br\/> <span style=\"color: #00B7EB;\"><b>HANS CHRISTIAN ANDERSEN<\/b><\/span> [2022] <br\/><span style=\"color: #00B7EB;\"><b>N\u00b0000100<\/b><\/span>"},"content":{"rendered":"<div class=\"logo-gutter ng-tns-c2217870457-14 ng-star-inserted\">\n<h3 class=\"resize-observable\"><strong>DutchAuction\u2122 \u2013 HOLANDSK\u00c1 AUKCIA<br \/>\n<\/strong><\/h3>\n<\/div>\n<div>\n<p class=\"LC20lb MBeuO DKV0Md\">\ud83c\uddf8\ud83c\uddf0<strong> \u010co je holandsk\u00e1 aukcia?<\/strong> Holandsk\u00e1 aukcia je typ aukcie, pri ktorej sa vyvol\u00e1vacia cena produktu za\u010d\u00edna vysoko a postupne kles\u00e1, k\u00fdm ju niekto nek\u00fapi. Tento typ aukcie je vhodn\u00fd pre produkty, ktor\u00e9 s\u00fa jedine\u010dn\u00e9 alebo obmedzen\u00e9 mno\u017estvom. Produkt si m\u00f4\u017eete k\u00fapi\u0165 kedyko\u013evek, ke\u010f bude vyhovova\u0165 va\u0161ej po\u017eadovanej cene. Ak v\u00e1s niekto predbehne v n\u00e1kupe, produkt u\u017e nebudete m\u00f4c\u0165 z\u00edska\u0165.<\/p>\n<p><strong>\ud83c\uddf8\ud83c\uddf0 Ako funguje holandsk\u00e1 aukcia na na\u0161om eshope? <\/strong>Tento typ ponuky, je nov\u00fd sp\u00f4sob predaja vz\u00e1cnej\u0161\u00edch, limitovan\u00fdch alebo mno\u017estvom obmedzen\u00fdch produktov, ktor\u00e9 sme sa rozhodli zaradi\u0165 do na\u0161ej ponuky. \u0160pecifikom t\u00fdchto pon\u00fak je ich neust\u00e1le sa zni\u017euj\u00faca cena o ur\u010dit\u00fa jednotku (vo v\u00e4\u010d\u0161ine pr\u00edpadov to bude zni\u017eovanie ceny o 1\u20ac\/1%, ale m\u00f4\u017ee to by\u0165 aj in\u00e1 suma). Cena sa bude zni\u017eova\u0165 pravidelne ka\u017ed\u00fdch 24 hod\u00edn v n\u00e1hodnom \u010dase po\u010das d\u0148a. Preto odpor\u00fa\u010dame, v pr\u00edpadne z\u00e1ujmu o konkr\u00e9tny produkt, ne\u010dakajte na najni\u017e\u0161iu cenu, lebo V\u00e1s m\u00f4\u017ee niekto predbehn\u00fa\u0165. \u010co sa t\u00fdka zni\u017eovania licitovanej ceny, cena sa bude zni\u017eova\u0165 a\u017e do momentu, k\u00fdm cena za polo\u017eku neklesne na 1\u20ac. Ak sa ani pri tejto sume predmet nepred\u00e1, bude stiahnut\u00fd z predaja.<\/p>\n<p><span style=\"color: #999999;\"><strong>\ud83c\uddea\ud83c\uddfa What is a Dutch auction? <\/strong>A Dutch auction is a type of auction where the starting bid price of an item begins high and gradually decreases until someone bids on it. This type of auction is suitable for items that are unique or in limited supply. You can buy an item at any time when it meets your desired price. If someone beats you to the purchase, you will no longer be able to get the item.<\/span><\/p>\n<p><span style=\"color: #999999;\"><strong>\ud83c\uddea\ud83c\uddfa How does a Dutch auction work on our store? <\/strong><\/span><span style=\"color: #999999;\">This type of offer is a new way of selling rarer, limited or limited-quantity products that we have decided to add to our offer. The specificity of these offers is their constantly decreasing price by a certain unit (in most cases it will be a price reduction of 1\u20ac\/1%, but it can also be a different amount). The price will be reduced regularly every 24 hours at a random time during the day. Therefore, we recommend that in case of interest in a specific product, do not wait for the lowest price, because someone may beat you to it. As for the reduction of the bid price, the price will be reduced until the price for the item drops to 1\u20ac. If the item is not sold even at this amount, it will be withdrawn from sale.<\/span><\/p>\n<\/div>\n<p style=\"text-align: center;\"><span style=\"color: #999999;\"><strong><span style=\"color: #ff0000;\">\ud83c\uddf8\ud83c\uddf0 Predmetom n\u00e1kupu je uveden\u00fd produkt so s\u00e9riov\u00fdm \u010d\u00edslom na obr\u00e1zku. Obr\u00e1zok sl\u00fa\u017ei len na ilustr\u00e1ciu.<\/span><br \/>\n<\/strong>\ud83c\uddea\ud83c\uddfa The subject of the purchase is the specified product with a specific serial number in the picture. The image is for illustration purposes only.<\/span><\/p>\n","protected":false},"excerpt":{"rendered":"<p>DutchAuction\u2122 \u2013 HOLANDSK\u00c1 AUKCIA \ud83c\uddf8\ud83c\uddf0 \u010co je holandsk\u00e1 aukcia? Holandsk\u00e1 aukcia je typ aukcie, pri ktorej sa vyvol\u00e1vacia cena produktu za\u010d\u00edna vysoko a postupne kles\u00e1, k\u00fdm ju niekto nek\u00fapi. Tento typ aukcie je vhodn\u00fd pre produkty, ktor\u00e9 s\u00fa jedine\u010dn\u00e9 alebo obmedzen\u00e9 mno\u017estvom. Produkt si m\u00f4\u017eete k\u00fapi\u0165 kedyko\u013evek, ke\u010f bude vyhovova\u0165 va\u0161ej po\u017eadovanej cene. Ak v\u00e1s [&hellip;]<\/p>\n","protected":false},"featured_media":14627,"template":"","meta":{"_monsterinsights_skip_tracking":false,"_monsterinsights_sitenote_active":false,"_monsterinsights_sitenote_note":"","_monsterinsights_sitenote_category":0},"product_brand":[],"product_cat":[144],"product_tag":[146],"class_list":{"0":"post-14625","1":"product","2":"type-product","3":"status-publish","4":"has-post-thumbnail","6":"product_cat-dutch-auction","7":"product_tag-dutchauction","9":"first","10":"instock","11":"shipping-taxable","12":"purchasable","13":"product-type-simple"},"_links":{"self":[{"href":"https:\/\/www.wdshop.eu\/index.php\/wp-json\/wp\/v2\/product\/14625","targetHints":{"allow":["GET"]}}],"collection":[{"href":"https:\/\/www.wdshop.eu\/index.php\/wp-json\/wp\/v2\/product"}],"about":[{"href":"https:\/\/www.wdshop.eu\/index.php\/wp-json\/wp\/v2\/types\/product"}],"wp:featuredmedia":[{"embeddable":true,"href":"https:\/\/www.wdshop.eu\/index.php\/wp-json\/wp\/v2\/media\/14627"}],"wp:attachment":[{"href":"https:\/\/www.wdshop.eu\/index.php\/wp-json\/wp\/v2\/media?parent=14625"}],"wp:term":[{"taxonomy":"product_brand","embeddable":true,"href":"https:\/\/www.wdshop.eu\/index.php\/wp-json\/wp\/v2\/product_brand?post=14625"},{"taxonomy":"product_cat","embeddable":true,"href":"https:\/\/www.wdshop.eu\/index.php\/wp-json\/wp\/v2\/product_cat?post=14625"},{"taxonomy":"product_tag","embeddable":true,"href":"https:\/\/www.wdshop.eu\/index.php\/wp-json\/wp\/v2\/product_tag?post=14625"}],"curies":[{"name":"wp","href":"https:\/\/api.w.org\/{rel}","templated":true}]}}