{"id":14969,"date":"2026-01-01T10:04:03","date_gmt":"2026-01-01T09:04:03","guid":{"rendered":"https:\/\/www.wdshop.eu\/?post_type=product&#038;p=14969"},"modified":"2026-02-18T22:38:24","modified_gmt":"2026-02-18T21:38:24","slug":"wdo081","status":"publish","type":"product","link":"https:\/\/www.wdshop.eu\/index.php\/produkt\/wdo081\/","title":{"rendered":"<span style=\"color: #808080;\"><small>Slovensko\/Slovakia <\/small><\/span><br\/>  <strong>TREN\u010c\u00cdN &#8211; KULT\u00daRA\/<span style=\"color: #808080;\">CULTURE<\/span> <\/strong>[2026] <br\/> <span style=\"color: #808080;\"><small><i>Num. ob\u00e1lka\/Num. envelope<\/i><\/small><\/span> \u2013 <strong style=\"color: #ff0000;\">300 ks\/pcs<\/strong><hr>"},"content":{"rendered":"<h4>\ud83c\uddf8\ud83c\uddf0 <strong data-start=\"107\" data-end=\"121\">PREDPREDAJ<\/strong> \u2013 odosielanie od <strong>\u2192<\/strong> <strong>febru\u00e1r 2026<\/strong><br \/>\n<span style=\"color: #999999;\">\ud83c\uddec\ud83c\udde7 <strong data-start=\"161\" data-end=\"173\">PRESALE<\/strong> \u2013 shipping from <strong>\u2192 February 2026<\/strong><\/span><\/h4>\n<p><strong><span style=\"color: #ff0000;\">!! Grafika bude sfinalizovan\u00e1 po zverejnen\u00ed fin\u00e1lneho mot\u00edvu po\u0161tovej zn\u00e1mky z roku 2026. !!<\/span><br \/>\n<span style=\"color: #999999;\">!! The graphics will be finalized after the publication of the final motif of the 2026 postage stamp. !!<\/span><\/strong><\/p>\n<p>\ud83c\uddf8\ud83c\uddf0 <strong>V\u00ddRO\u010cIA A UDALOSTI \u2013 TREN\u010c\u00cdN <em>Eur\u00f3pske hlavn\u00e9 mesto kult\u00fary<\/em><\/strong>\u00a0| UNC kvalita<br \/>\n<span style=\"color: #999999;\">\ud83c\uddec\ud83c\udde7 <strong>ANNIVERSARIES AND EVENTS \u2013 TREN\u010c\u00cdN <em>European capital city of culture<\/em><\/strong>\u00a0| UNC quality<\/span><br \/>\n\ud83d\udccd Slovensko\/<span style=\"color: #999999;\">Slovakia<\/span> | 2026 | <a href=\"https:\/\/www.wdoriginal.com\/fauna-flora\" target=\"_blank\" rel=\"noopener\"><strong>www.wdoriginal.com<\/strong><\/a><\/p>\n<p data-start=\"144\" data-end=\"683\">\ud83c\uddf8\ud83c\uddf0\ud83c\udfad <strong data-start=\"151\" data-end=\"237\">Ofici\u00e1lna numizmatick\u00e1 ob\u00e1lka s mot\u00edvom mesta Tren\u010d\u00edn \u2013 Eur\u00f3pske hlavn\u00e9 mesto kult\u00fary 2026.<\/strong><br data-start=\"237\" data-end=\"240\" \/>Vznikla pri pr\u00edle\u017eitosti v\u00fdnimo\u010dn\u00e9ho kult\u00farneho titulu, ktor\u00fd Tren\u010d\u00edn z\u00edskal ako symbol bohat\u00e9ho historick\u00e9ho dedi\u010dstva, \u017eivej trad\u00edcie a s\u00fa\u010dasnej kult\u00farnej tvorby. Mot\u00edv ob\u00e1lky prep\u00e1ja hist\u00f3riu mesta s jeho modernou kult\u00farnou identitou a nadv\u00e4zuje na numizmatick\u00e9 emisie pripom\u00ednaj\u00face v\u00fdznamn\u00e9 m\u00ed\u013eniky Slovenska.<br data-start=\"553\" data-end=\"556\" \/>T\u00e1to ob\u00e1lka je \u010d\u00edslovan\u00e1 a vydan\u00e1 v <strong data-start=\"592\" data-end=\"626\">limitovanom n\u00e1klade len 300 ks<\/strong>, \u010d\u00edm z\u00edskava vysok\u00fa zberate\u013esk\u00fa a reprezenta\u010dn\u00fa hodnotu.<\/p>\n<p data-start=\"685\" data-end=\"1273\"><span style=\"color: #999999;\">\ud83c\uddec\ud83c\udde7\ud83c\udfad <strong data-start=\"692\" data-end=\"790\">Official numismatic envelope featuring the city of Tren\u010d\u00edn \u2013 European capital city of culture 2026.<\/strong><\/span><br data-start=\"790\" data-end=\"793\" \/><span style=\"color: #999999;\">Created to commemorate this exceptional cultural title, the envelope symbolizes Tren\u010d\u00edn\u2019s rich historical heritage, vibrant traditions, and contemporary cultural scene. Its design connects the city\u2019s past with its modern cultural identity and follows numismatic editions dedicated to significant milestones in Slovakia\u2019s history.<\/span><br data-start=\"1122\" data-end=\"1125\" \/><span style=\"color: #999999;\">This envelope is individually numbered and issued in a <strong data-start=\"1180\" data-end=\"1224\">strictly limited edition of only 300 pcs<\/strong>, enhancing its exclusivity and collector appeal.<\/span><\/p>\n<p>\ud83c\uddf8\ud83c\uddf0\ud83d\udcc8 Ob\u00e1lka je ide\u00e1lnym doplnkom do zbierky aj z investi\u010dn\u00e9ho h\u013eadiska \u2013 sp\u00e1ja v\u00fdtvarn\u00fa kvalitu, filateliu, numizmatiku a t\u00e9mu kult\u00fary a hist\u00f3rie. Ka\u017ed\u00fd kus obsahuje origin\u00e1lnu grafiku, pr\u00edle\u017eitostn\u00fa pe\u010diatku s po\u0161tovou zn\u00e1mkou a informa\u010dn\u00fa kartu.<\/p>\n<p><span style=\"color: #999999;\">\ud83c\uddec\ud83c\udde7\ud83d\udcc8 The envelope is a perfect addition to any collection and offers long-term investment potential \u2013 combining artistic value, numismatics and a focus on culture and history. Each piece includes original artwork, a commemorative stamp\u00a0and an information card.<\/span><\/p>\n<p>\ud83d\udcb6 <strong>Nomin\u00e1lna hodnota mince \/ <\/strong><span style=\"color: #999999;\">Nominal value of the coin<\/span>: 2 EUR<br \/>\n\ud83d\udcec <strong>Zn\u00e1mka \/ <\/strong><span style=\"color: #999999;\">Stamp<\/span>: &#8211; \/ <span style=\"color: #999999;\">&#8211;<\/span><br \/>\n\ud83c\udfa8 <strong>Autor mince \/ <\/strong><span style=\"color: #999999;\">Coin author<\/span>: BcA. Kl\u00e1ra Fojt\u016f<br \/>\n\ud83c\udfa8 <strong>Autor zn\u00e1mky \/ <\/strong><span style=\"color: #999999;\">Stamp author<\/span>: &#8211; \/ <span style=\"color: #999999;\">&#8211;<\/span><br \/>\n\ud83d\udcca <strong>N\u00e1klad \/ <\/strong><span style=\"color: #999999;\">Edition<\/span>: 300 kusov (\u010d\u00edslovan\u00e9) \/ <span style=\"color: #999999;\">300 pcs (numbered)<\/span><br \/>\n\ud83d\udcc5 <strong>D\u00e1tum vydania \/ <\/strong><span style=\"color: #999999;\">Release date<\/span>: febru\u00e1r 2026 \/ <span style=\"color: #999999;\">February 2026<\/span><br \/>\n\ud83e\ude99 <strong>Kvalita mince \/ <\/strong><span style=\"color: #999999;\">Coin quality<\/span>: UNC<\/p>\n<p>\ud83c\uddf8\ud83c\uddf0 <strong>\u010co znamen\u00e1 kvalita UNC?<\/strong><br \/>\nN\u00e1zov kvality poch\u00e1dza z anglick\u00e9ho slova \u201euncirculated\u201c, \u010do znamen\u00e1 neobehov\u00fd. Ide o naj\u010dastej\u0161ie zberate\u013esk\u00e9 vyhotovenie minc\u00ed, ktor\u00e9 sa do obehu nikdy nedostali a poch\u00e1dzaj\u00fa priamo z mincovne alebo banky. Ich hodnota je vy\u0161\u0161ia ne\u017e hodnota obehov\u00fdch minc\u00ed.<br \/>\nNa manipul\u00e1ciu s mincou je potrebn\u00e9 pou\u017ei\u0165 bavlnen\u00e9 rukavice alebo pinzetu a uchov\u00e1va\u0165 ju v ochrannom albume \u2013 inak m\u00f4\u017ee d\u00f4js\u0165 k znehodnoteniu.<\/p>\n<p><span style=\"color: #999999;\">\ud83c\uddec\ud83c\udde7 <strong>What is UNC quality?<\/strong><br \/>\nThe term comes from the English word \u201cuncirculated\u201d. It is the most common collector-grade version of coins, which have never entered circulation and come directly from the mint or the bank. Their value is naturally higher than regular circulation coins.<br \/>\nIt is important to handle such coins with care \u2013 using cotton gloves or tweezers and keeping them in protective albums \u2013 otherwise they may lose their collector value.<\/span><\/p>\n","protected":false},"excerpt":{"rendered":"<p data-start=\"125\" data-end=\"417\">\ud83c\uddf8\ud83c\uddf0 <strong data-start=\"130\" data-end=\"211\">Exkluz\u00edvna numizmatick\u00e1 ob\u00e1lka k projektu Tren\u010d\u00edn \u2013 Hlavn\u00e9 mesto kult\u00fary 2026<\/strong>, vydan\u00e1 v <strong data-start=\"222\" data-end=\"270\">limitovanej ed\u00edcii len 300 \u010d\u00edslovan\u00fdch kusov<\/strong>. Reprezentat\u00edvny zberate\u013esk\u00fd artefakt pripom\u00ednaj\u00faci v\u00fdnimo\u010dn\u00fd kult\u00farny m\u00ed\u013enik mesta, s potenci\u00e1lom dlhodobej zberate\u013eskej a investi\u010dnej hodnoty. | <span style=\"color: #999999;\">\ud83c\uddec\ud83c\udde7 <strong data-start=\"424\" data-end=\"525\">Exclusive numismatic envelope dedicated to the project Tren\u010d\u00edn \u2013 European Capital of Culture 2026<\/strong>, issued in a <strong data-start=\"539\" data-end=\"595\">strictly limited edition of only 300 numbered pieces<\/strong>. A representative collectible commemorating an exceptional cultural milestone, with long-term collector and investment potential.<\/span><\/p>\n","protected":false},"featured_media":14970,"template":"","meta":{"_monsterinsights_skip_tracking":false,"_monsterinsights_sitenote_active":false,"_monsterinsights_sitenote_note":"","_monsterinsights_sitenote_category":0},"product_brand":[],"product_cat":[165,20],"product_tag":[175,167],"class_list":{"0":"post-14969","1":"product","2":"type-product","3":"status-publish","4":"has-post-thumbnail","6":"product_cat-envelope","7":"product_cat-presale","8":"product_tag-175","9":"product_tag-wdoriginal","11":"first","12":"instock","13":"shipping-taxable","14":"purchasable","15":"product-type-simple"},"_links":{"self":[{"href":"https:\/\/www.wdshop.eu\/index.php\/wp-json\/wp\/v2\/product\/14969","targetHints":{"allow":["GET"]}}],"collection":[{"href":"https:\/\/www.wdshop.eu\/index.php\/wp-json\/wp\/v2\/product"}],"about":[{"href":"https:\/\/www.wdshop.eu\/index.php\/wp-json\/wp\/v2\/types\/product"}],"wp:featuredmedia":[{"embeddable":true,"href":"https:\/\/www.wdshop.eu\/index.php\/wp-json\/wp\/v2\/media\/14970"}],"wp:attachment":[{"href":"https:\/\/www.wdshop.eu\/index.php\/wp-json\/wp\/v2\/media?parent=14969"}],"wp:term":[{"taxonomy":"product_brand","embeddable":true,"href":"https:\/\/www.wdshop.eu\/index.php\/wp-json\/wp\/v2\/product_brand?post=14969"},{"taxonomy":"product_cat","embeddable":true,"href":"https:\/\/www.wdshop.eu\/index.php\/wp-json\/wp\/v2\/product_cat?post=14969"},{"taxonomy":"product_tag","embeddable":true,"href":"https:\/\/www.wdshop.eu\/index.php\/wp-json\/wp\/v2\/product_tag?post=14969"}],"curies":[{"name":"wp","href":"https:\/\/api.w.org\/{rel}","templated":true}]}}