{"id":14975,"date":"2026-01-01T10:02:50","date_gmt":"2026-01-01T09:02:50","guid":{"rendered":"https:\/\/www.wdshop.eu\/?post_type=product&#038;p=14975"},"modified":"2026-02-18T22:38:24","modified_gmt":"2026-02-18T21:38:24","slug":"wdo083","status":"publish","type":"product","link":"https:\/\/www.wdshop.eu\/index.php\/produkt\/wdo083\/","title":{"rendered":"<span style=\"color: #808080;\"><small>Slovensko\/Slovakia <\/small><\/span><br\/>  <strong>TREN\u010c\u00cdN &#8211; HRAD\/<span style=\"color: #808080;\">CASTLE<\/span> <\/strong>[2026] <br\/> <span style=\"color: #808080;\"><small><i>Num. ob\u00e1lka\/Num. envelope<\/i><\/small><\/span> \u2013 <strong style=\"color: #ff0000;\">10 ks\/pcs<\/strong><hr>"},"content":{"rendered":"<h4>\ud83c\uddf8\ud83c\uddf0 <strong data-start=\"107\" data-end=\"121\">PREDPREDAJ<\/strong> \u2013 odosielanie od <strong>\u2192<\/strong> <strong>febru\u00e1r 2026<\/strong><br \/>\n<span style=\"color: #999999;\">\ud83c\uddec\ud83c\udde7 <strong data-start=\"161\" data-end=\"173\">PRESALE<\/strong> \u2013 shipping from <strong>\u2192 February 2026<\/strong><\/span><\/h4>\n<p><span style=\"color: #ff0000;\"><strong>!! Grafika bude sfinalizovan\u00e1 po zverejnen\u00ed fin\u00e1lneho mot\u00edvu po\u0161tovej zn\u00e1mky z roku 2026. !!<br \/>\n<span style=\"color: #999999;\">!! The graphics will be finalized after the publication of the final motif of the 2026 postage stamp. !!<\/span><br \/>\n<\/strong><\/span><\/p>\n<p>\ud83c\uddf8\ud83c\uddf0 <strong>V\u00ddRO\u010cIA A UDALOSTI \u2013 TREN\u010c\u00cdN <em>Tren\u010diansky hrad<\/em><\/strong>\u00a0| UNC kvalita<br \/>\n<span style=\"color: #999999;\">\ud83c\uddec\ud83c\udde7 <strong>ANNIVERSARIES AND EVENTS \u2013 TREN\u010c\u00cdN <em>Tren\u010d\u00edn castle<\/em><\/strong>\u00a0| UNC quality<\/span><br \/>\n\ud83d\udccd Slovensko\/<span style=\"color: #999999;\">Slovakia<\/span> | 2026 | <a href=\"https:\/\/www.wdoriginal.com\/fauna-flora\" target=\"_blank\" rel=\"noopener\"><strong>www.wdoriginal.com<\/strong><\/a><\/p>\n<p data-start=\"142\" data-end=\"745\">\ud83c\uddf8\ud83c\uddf0\ud83c\udff0 <strong data-start=\"149\" data-end=\"288\">Ofici\u00e1lna numizmatick\u00e1 ob\u00e1lka s mot\u00edvom Tren\u010dianskeho hradu \u2013 dominanty mesta Tren\u010d\u00edn a jedn\u00e9ho z najv\u00fdznamnej\u0161\u00edch hradov na Slovensku.<\/strong><br data-start=\"288\" data-end=\"291\" \/>Vznikla ako pocta ikonickej historickej pamiatke, ktor\u00e1 po st\u00e1ro\u010dia formovala politick\u00fd, vojensk\u00fd a kult\u00farny v\u00fdznam regi\u00f3nu. Mot\u00edv ob\u00e1lky symbolizuje pevnos\u0165, kontinuitu a bohat\u00e9 dejiny Tren\u010d\u00edna a nadv\u00e4zuje na numizmatick\u00e9 emisie pripom\u00ednaj\u00face k\u013e\u00fa\u010dov\u00e9 m\u00ed\u013eniky slovensk\u00e9ho kult\u00farneho a historick\u00e9ho dedi\u010dstva.<br data-start=\"599\" data-end=\"602\" \/>T\u00e1to ob\u00e1lka nie je \u010d\u00edslovan\u00e1 a vydan\u00e1 v <strong data-start=\"638\" data-end=\"688\">limitovanom n\u00e1klade len 60 ks (50 ks v albume)<\/strong>, \u010d\u00edm z\u00edskava vysok\u00fa zberate\u013esk\u00fa a reprezenta\u010dn\u00fa hodnotu.<\/p>\n<p data-start=\"747\" data-end=\"1412\"><span style=\"color: #999999;\">\ud83c\uddec\ud83c\udde7\ud83c\udff0 <strong data-start=\"754\" data-end=\"897\">Official numismatic envelope featuring Tren\u010d\u00edn Castle \u2013 the landmark of the city of Tren\u010d\u00edn and one of Slovakia\u2019s most significant castles.<\/strong><\/span><br data-start=\"897\" data-end=\"900\" \/><span style=\"color: #999999;\">Created as a tribute to this iconic historical monument that has shaped the political, military, and cultural importance of the region for centuries. The envelope\u2019s design symbolizes strength, continuity, and the rich history of Tren\u010d\u00edn, following numismatic editions commemorating key milestones of Slovakia\u2019s cultural and historical heritage.<\/span><br data-start=\"1244\" data-end=\"1247\" \/><span style=\"color: #999999;\">This envelope is not individually numbered and issued in a <strong data-start=\"1302\" data-end=\"1363\">strictly limited edition of only 60 pcs (50 pcs in album)<\/strong>, enhancing its exclusivity and collector appeal.<\/span><\/p>\n<p>\ud83c\uddf8\ud83c\uddf0\ud83d\udcc8 Ob\u00e1lka je ide\u00e1lnym doplnkom do zbierky aj z investi\u010dn\u00e9ho h\u013eadiska \u2013 sp\u00e1ja v\u00fdtvarn\u00fa kvalitu, filateliu, numizmatiku a t\u00e9mu kult\u00fary a hist\u00f3rie. Ka\u017ed\u00fd kus obsahuje origin\u00e1lnu grafiku, pr\u00edle\u017eitostn\u00fa pe\u010diatku s po\u0161tovou zn\u00e1mkou a informa\u010dn\u00fa kartu.<\/p>\n<p><span style=\"color: #999999;\">\ud83c\uddec\ud83c\udde7\ud83d\udcc8 The envelope is a perfect addition to any collection and offers long-term investment potential \u2013 combining artistic value, numismatics and a focus on culture and history. Each piece includes original artwork, a commemorative stamp\u00a0and an information card.<\/span><\/p>\n<p>\ud83d\udcb6 <strong>Nomin\u00e1lna hodnota mince \/ <\/strong><span style=\"color: #999999;\">Nominal value of the coin<\/span>: 2 EUR<br \/>\n\ud83d\udcec <strong>Zn\u00e1mka \/ <\/strong><span style=\"color: #999999;\">Stamp<\/span>: 8,00 SKK<br \/>\n\ud83c\udfa8 <strong>Autor mince \/ <\/strong><span style=\"color: #999999;\">Coin author<\/span>: BcA. Kl\u00e1ra Fojt\u016f<br \/>\n\ud83c\udfa8 <strong>Autor zn\u00e1mky \/ <\/strong><span style=\"color: #999999;\">Stamp author<\/span>: J\u00e1n \u0160vec | akad. mal. Rudolf Cig\u00e1nik<br \/>\n\ud83d\udcca <strong>N\u00e1klad \/ <\/strong><span style=\"color: #999999;\">Edition<\/span>: 60 kusov (ne\u010d\u00edslovan\u00e9) \/ <span style=\"color: #999999;\">60 pcs (unnumbered)<\/span><br \/>\n\ud83d\udcc5 <strong>D\u00e1tum vydania \/ <\/strong><span style=\"color: #999999;\">Release date<\/span>: febru\u00e1r 2026 \/ <span style=\"color: #999999;\">February 2026<\/span><br \/>\n\ud83e\ude99 <strong>Kvalita mince \/ <\/strong><span style=\"color: #999999;\">Coin quality<\/span>: UNC<\/p>\n<p>\ud83c\uddf8\ud83c\uddf0 <strong>\u010co znamen\u00e1 kvalita UNC?<\/strong><br \/>\nN\u00e1zov kvality poch\u00e1dza z anglick\u00e9ho slova \u201euncirculated\u201c, \u010do znamen\u00e1 neobehov\u00fd. Ide o naj\u010dastej\u0161ie zberate\u013esk\u00e9 vyhotovenie minc\u00ed, ktor\u00e9 sa do obehu nikdy nedostali a poch\u00e1dzaj\u00fa priamo z mincovne alebo banky. Ich hodnota je vy\u0161\u0161ia ne\u017e hodnota obehov\u00fdch minc\u00ed.<br \/>\nNa manipul\u00e1ciu s mincou je potrebn\u00e9 pou\u017ei\u0165 bavlnen\u00e9 rukavice alebo pinzetu a uchov\u00e1va\u0165 ju v ochrannom albume \u2013 inak m\u00f4\u017ee d\u00f4js\u0165 k znehodnoteniu.<\/p>\n<p><span style=\"color: #999999;\">\ud83c\uddec\ud83c\udde7 <strong>What is UNC quality?<\/strong><br \/>\nThe term comes from the English word \u201cuncirculated\u201d. It is the most common collector-grade version of coins, which have never entered circulation and come directly from the mint or the bank. Their value is naturally higher than regular circulation coins.<br \/>\nIt is important to handle such coins with care \u2013 using cotton gloves or tweezers and keeping them in protective albums \u2013 otherwise they may lose their collector value.<\/span><\/p>\n","protected":false},"excerpt":{"rendered":"<p data-start=\"116\" data-end=\"415\">\ud83c\uddf8\ud83c\uddf0 <strong data-start=\"121\" data-end=\"185\">Exkluz\u00edvna numizmatick\u00e1 ob\u00e1lka s mot\u00edvom Tren\u010dianskeho hradu<\/strong>, vydan\u00e1 v <strong data-start=\"196\" data-end=\"243\">limitovanej ed\u00edcii len 60 \u010d\u00edslovan\u00fdch kusov<\/strong>. Reprezentat\u00edvny zberate\u013esk\u00fd artefakt pripom\u00ednaj\u00faci jednu z najv\u00fdznamnej\u0161\u00edch historick\u00fdch domin\u00e1nt Slovenska, s potenci\u00e1lom dlhodobej zberate\u013eskej a investi\u010dnej hodnoty. | <span style=\"color: #999999;\">\ud83c\uddec\ud83c\udde7 <strong data-start=\"422\" data-end=\"480\">Exclusive numismatic envelope featuring Tren\u010d\u00edn Castle<\/strong>, issued in a <strong data-start=\"494\" data-end=\"549\">strictly limited edition of only 60 numbered pieces<\/strong>. A representative collectible commemorating one of Slovakia\u2019s most important historical landmarks, with long-term collector and investment potential.<\/span><\/p>\n","protected":false},"featured_media":14976,"template":"","meta":{"_monsterinsights_skip_tracking":false,"_monsterinsights_sitenote_active":false,"_monsterinsights_sitenote_note":"","_monsterinsights_sitenote_category":0},"product_brand":[],"product_cat":[165,20],"product_tag":[175,167],"class_list":{"0":"post-14975","1":"product","2":"type-product","3":"status-publish","4":"has-post-thumbnail","6":"product_cat-envelope","7":"product_cat-presale","8":"product_tag-175","9":"product_tag-wdoriginal","11":"first","12":"instock","13":"shipping-taxable","14":"purchasable","15":"product-type-simple"},"_links":{"self":[{"href":"https:\/\/www.wdshop.eu\/index.php\/wp-json\/wp\/v2\/product\/14975","targetHints":{"allow":["GET"]}}],"collection":[{"href":"https:\/\/www.wdshop.eu\/index.php\/wp-json\/wp\/v2\/product"}],"about":[{"href":"https:\/\/www.wdshop.eu\/index.php\/wp-json\/wp\/v2\/types\/product"}],"wp:featuredmedia":[{"embeddable":true,"href":"https:\/\/www.wdshop.eu\/index.php\/wp-json\/wp\/v2\/media\/14976"}],"wp:attachment":[{"href":"https:\/\/www.wdshop.eu\/index.php\/wp-json\/wp\/v2\/media?parent=14975"}],"wp:term":[{"taxonomy":"product_brand","embeddable":true,"href":"https:\/\/www.wdshop.eu\/index.php\/wp-json\/wp\/v2\/product_brand?post=14975"},{"taxonomy":"product_cat","embeddable":true,"href":"https:\/\/www.wdshop.eu\/index.php\/wp-json\/wp\/v2\/product_cat?post=14975"},{"taxonomy":"product_tag","embeddable":true,"href":"https:\/\/www.wdshop.eu\/index.php\/wp-json\/wp\/v2\/product_tag?post=14975"}],"curies":[{"name":"wp","href":"https:\/\/api.w.org\/{rel}","templated":true}]}}