{"id":14977,"date":"2026-01-01T10:01:51","date_gmt":"2026-01-01T09:01:51","guid":{"rendered":"https:\/\/www.wdshop.eu\/?post_type=product&#038;p=14977"},"modified":"2026-02-18T22:38:24","modified_gmt":"2026-02-18T21:38:24","slug":"wdo084","status":"publish","type":"product","link":"https:\/\/www.wdshop.eu\/index.php\/produkt\/wdo084\/","title":{"rendered":"<span style=\"color: #808080;\"><small>Slovensko\/Slovakia <\/small><\/span><br\/>  <strong>TREN\u010c\u00cdN &#8211; L\u00c9GIA\/<span style=\"color: #808080;\">LEGION<\/span> <\/strong>[2026] <br\/> <span style=\"color: #808080;\"><small><i>Num. ob\u00e1lka\/Num. envelope<\/i><\/small><\/span> \u2013 <strong style=\"color: #ff0000;\">10 ks\/pcs<\/strong><hr>"},"content":{"rendered":"<h4>\ud83c\uddf8\ud83c\uddf0 <strong data-start=\"107\" data-end=\"121\">PREDPREDAJ<\/strong> \u2013 odosielanie od <strong>\u2192<\/strong> <strong>febru\u00e1r 2026<\/strong><br \/>\n<span style=\"color: #999999;\">\ud83c\uddec\ud83c\udde7 <strong data-start=\"161\" data-end=\"173\">PRESALE<\/strong> \u2013 shipping from <strong>\u2192 February 2026<\/strong><\/span><\/h4>\n<p><span style=\"color: #ff0000;\"><strong>!! Grafika bude sfinalizovan\u00e1 po zverejnen\u00ed fin\u00e1lneho mot\u00edvu po\u0161tovej zn\u00e1mky z roku 2026. !!<br \/>\n<span style=\"color: #999999;\">!! The graphics will be finalized after the publication of the final motif of the 2026 postage stamp. !!<\/span><br \/>\n<\/strong><\/span><\/p>\n<p>\ud83c\uddf8\ud83c\uddf0 <strong>V\u00ddRO\u010cIA A UDALOSTI \u2013 TREN\u010c\u00cdN <em>Tren\u010diansky hrad<\/em><\/strong>\u00a0| UNC kvalita<br \/>\n<span style=\"color: #999999;\">\ud83c\uddec\ud83c\udde7 <strong>ANNIVERSARIES AND EVENTS \u2013 TREN\u010c\u00cdN <em>Tren\u010d\u00edn castle<\/em><\/strong>\u00a0| UNC quality<\/span><br \/>\n\ud83d\udccd Slovensko\/<span style=\"color: #999999;\">Slovakia<\/span> | 2026 | <a href=\"https:\/\/www.wdoriginal.com\/fauna-flora\" target=\"_blank\" rel=\"noopener\"><strong>www.wdoriginal.com<\/strong><\/a><\/p>\n<p data-start=\"164\" data-end=\"902\">\ud83c\uddf8\ud83c\uddf0\ud83c\udfdb\ufe0f <strong data-start=\"171\" data-end=\"326\">Ofici\u00e1lna numizmatick\u00e1 ob\u00e1lka s mot\u00edvom r\u00edmskych l\u00e9gi\u00ed v Laugariciu (dne\u0161n\u00fd Tren\u010d\u00edn) \u2013 jedine\u010dn\u00e9ho dokladu pr\u00edtomnosti R\u00edmskej r\u00ed\u0161e na \u00fazem\u00ed Slovenska.<\/strong><br data-start=\"326\" data-end=\"329\" \/>Vznikla ako pocta historickej udalosti z roku 179 n. l., ke\u010f pr\u00edslu\u0161n\u00edci <strong data-start=\"402\" data-end=\"423\">Legio II Adiutrix<\/strong> prezimovali v osade Laugaricio a zanechali pam\u00e4tn\u00fd n\u00e1pis vytesan\u00fd do hradnej skaly, pripom\u00ednaj\u00faci v\u00ed\u0165azstvo nad germ\u00e1nskymi kme\u0148mi. Mot\u00edv ob\u00e1lky symbolizuje vojensk\u00fa silu, strategick\u00fd v\u00fdznam \u00fazemia a najstar\u0161iu p\u00edsomn\u00fa zmienku o Tren\u010d\u00edne, pri\u010dom nadv\u00e4zuje na numizmatick\u00e9 emisie pripom\u00ednaj\u00face k\u013e\u00fa\u010dov\u00e9 momenty antick\u00fdch dej\u00edn Slovenska.<br data-start=\"759\" data-end=\"762\" \/>T\u00e1to ob\u00e1lka je \u010d\u00edslovan\u00e1 a vydan\u00e1 v <strong data-start=\"798\" data-end=\"848\">limitovanom n\u00e1klade len 60 ks (50 ks v albume)<\/strong>, \u010d\u00edm z\u00edskava vysok\u00fa zberate\u013esk\u00fa a historick\u00fa hodnotu.<\/p>\n<p data-start=\"904\" data-end=\"1698\"><span style=\"color: #999999;\">\ud83c\uddec\ud83c\udde7\ud83c\udfdb\ufe0f <strong data-start=\"911\" data-end=\"1077\">Official numismatic envelope featuring the Roman legions in Laugaricio (present-day Tren\u010d\u00edn) \u2013 a unique testament to the presence of the Roman Empire in Slovakia.<\/strong><\/span><br data-start=\"1077\" data-end=\"1080\" \/><span style=\"color: #999999;\">Created as a tribute to the historical event of <strong data-start=\"1128\" data-end=\"1138\">179 AD<\/strong>, when soldiers of <strong data-start=\"1157\" data-end=\"1178\">Legio II Adiutrix<\/strong> wintered in Laugaricio and left a commemorative inscription carved into the castle rock, celebrating a victory over Germanic tribes. The envelope\u2019s design symbolizes military power, strategic importance of the region, and the earliest written reference to Tren\u010d\u00edn, following numismatic editions commemorating key moments of Slovakia\u2019s ancient history.<\/span><br data-start=\"1530\" data-end=\"1533\" \/><span style=\"color: #999999;\">This envelope is individually numbered and issued in a <strong data-start=\"1588\" data-end=\"1649\" data-is-only-node=\"\">strictly limited edition of only 60 pcs (50 pcs in album)<\/strong>, enhancing its exclusivity and collector appeal.<\/span><\/p>\n<p>\ud83c\uddf8\ud83c\uddf0\ud83d\udcc8 Ob\u00e1lka je ide\u00e1lnym doplnkom do zbierky aj z investi\u010dn\u00e9ho h\u013eadiska \u2013 sp\u00e1ja v\u00fdtvarn\u00fa kvalitu, filateliu, numizmatiku a t\u00e9mu kult\u00fary a hist\u00f3rie. Ka\u017ed\u00fd kus obsahuje origin\u00e1lnu grafiku, pr\u00edle\u017eitostn\u00fa pe\u010diatku s po\u0161tovou zn\u00e1mkou a informa\u010dn\u00fa kartu.<\/p>\n<p><span style=\"color: #999999;\">\ud83c\uddec\ud83c\udde7\ud83d\udcc8 The envelope is a perfect addition to any collection and offers long-term investment potential \u2013 combining artistic value, numismatics and a focus on culture and history. Each piece includes original artwork, a commemorative stamp\u00a0and an information card.<\/span><\/p>\n<p>\ud83d\udcb6 <strong>Nomin\u00e1lna hodnota mince \/ <\/strong><span style=\"color: #999999;\">Nominal value of the coin<\/span>: 2 EUR<br \/>\n\ud83d\udcec <strong>Zn\u00e1mka \/ <\/strong><span style=\"color: #999999;\">Stamp<\/span>: 26,00 SKK<br \/>\n\ud83c\udfa8 <strong>Autor mince \/ <\/strong><span style=\"color: #999999;\">Coin author<\/span>: BcA. Kl\u00e1ra Fojt\u016f<br \/>\n\ud83c\udfa8 <strong>Autor zn\u00e1mky \/ <\/strong><span style=\"color: #999999;\">Stamp author<\/span>: akad. mal. Mari\u00e1n \u010capka<br \/>\n\ud83d\udcca <strong>N\u00e1klad \/ <\/strong><span style=\"color: #999999;\">Edition<\/span>: 60 kusov (ne\u010d\u00edslovan\u00e9) \/ <span style=\"color: #999999;\">60 pcs (unnumbered)<\/span><br \/>\n\ud83d\udcc5 <strong>D\u00e1tum vydania \/ <\/strong><span style=\"color: #999999;\">Release date<\/span>: febru\u00e1r 2026 \/ <span style=\"color: #999999;\">February 2026<\/span><br \/>\n\ud83e\ude99 <strong>Kvalita mince \/ <\/strong><span style=\"color: #999999;\">Coin quality<\/span>: UNC<\/p>\n<p>\ud83c\uddf8\ud83c\uddf0 <strong>\u010co znamen\u00e1 kvalita UNC?<\/strong><br \/>\nN\u00e1zov kvality poch\u00e1dza z anglick\u00e9ho slova \u201euncirculated\u201c, \u010do znamen\u00e1 neobehov\u00fd. Ide o naj\u010dastej\u0161ie zberate\u013esk\u00e9 vyhotovenie minc\u00ed, ktor\u00e9 sa do obehu nikdy nedostali a poch\u00e1dzaj\u00fa priamo z mincovne alebo banky. Ich hodnota je vy\u0161\u0161ia ne\u017e hodnota obehov\u00fdch minc\u00ed.<br \/>\nNa manipul\u00e1ciu s mincou je potrebn\u00e9 pou\u017ei\u0165 bavlnen\u00e9 rukavice alebo pinzetu a uchov\u00e1va\u0165 ju v ochrannom albume \u2013 inak m\u00f4\u017ee d\u00f4js\u0165 k znehodnoteniu.<\/p>\n<p><span style=\"color: #999999;\">\ud83c\uddec\ud83c\udde7 <strong>What is UNC quality?<\/strong><br \/>\nThe term comes from the English word \u201cuncirculated\u201d. It is the most common collector-grade version of coins, which have never entered circulation and come directly from the mint or the bank. Their value is naturally higher than regular circulation coins.<br \/>\nIt is important to handle such coins with care \u2013 using cotton gloves or tweezers and keeping them in protective albums \u2013 otherwise they may lose their collector value.<\/span><\/p>\n","protected":false},"excerpt":{"rendered":"<p data-start=\"100\" data-end=\"444\">\ud83c\uddf8\ud83c\uddf0 <strong data-start=\"105\" data-end=\"194\">Exkluz\u00edvna numizmatick\u00e1 ob\u00e1lka s mot\u00edvom r\u00edmskych l\u00e9gi\u00ed v Laugariciu (dne\u0161n\u00fd Tren\u010d\u00edn)<\/strong>, vydan\u00e1 v <strong data-start=\"205\" data-end=\"252\">limitovanej ed\u00edcii len 60 \u010d\u00edslovan\u00fdch kusov<\/strong>. V\u00fdnimo\u010dn\u00fd zberate\u013esk\u00fd artefakt pripom\u00ednaj\u00faci najstar\u0161iu p\u00edsomn\u00fa zmienku o Tren\u010d\u00edne a pr\u00edtomnos\u0165 R\u00edmskej r\u00ed\u0161e na \u00fazem\u00ed Slovenska, s potenci\u00e1lom dlhodobej zberate\u013eskej a investi\u010dnej hodnoty. | <span style=\"color: #999999;\">\ud83c\uddec\ud83c\udde7 <strong data-start=\"451\" data-end=\"548\">Exclusive numismatic envelope featuring the Roman legions in Laugaricio (present-day Tren\u010d\u00edn)<\/strong>, issued in a <strong data-start=\"562\" data-end=\"617\">strictly limited edition of only 60 numbered pieces<\/strong>. A distinctive collectible commemorating the earliest written reference to Tren\u010d\u00edn and the presence of the Roman Empire in Slovakia, with long-term collector and investment potential.<\/span><\/p>\n","protected":false},"featured_media":14978,"template":"","meta":{"_monsterinsights_skip_tracking":false,"_monsterinsights_sitenote_active":false,"_monsterinsights_sitenote_note":"","_monsterinsights_sitenote_category":0},"product_brand":[],"product_cat":[165,20],"product_tag":[175,167],"class_list":{"0":"post-14977","1":"product","2":"type-product","3":"status-publish","4":"has-post-thumbnail","6":"product_cat-envelope","7":"product_cat-presale","8":"product_tag-175","9":"product_tag-wdoriginal","11":"first","12":"instock","13":"shipping-taxable","14":"purchasable","15":"product-type-simple"},"_links":{"self":[{"href":"https:\/\/www.wdshop.eu\/index.php\/wp-json\/wp\/v2\/product\/14977","targetHints":{"allow":["GET"]}}],"collection":[{"href":"https:\/\/www.wdshop.eu\/index.php\/wp-json\/wp\/v2\/product"}],"about":[{"href":"https:\/\/www.wdshop.eu\/index.php\/wp-json\/wp\/v2\/types\/product"}],"wp:featuredmedia":[{"embeddable":true,"href":"https:\/\/www.wdshop.eu\/index.php\/wp-json\/wp\/v2\/media\/14978"}],"wp:attachment":[{"href":"https:\/\/www.wdshop.eu\/index.php\/wp-json\/wp\/v2\/media?parent=14977"}],"wp:term":[{"taxonomy":"product_brand","embeddable":true,"href":"https:\/\/www.wdshop.eu\/index.php\/wp-json\/wp\/v2\/product_brand?post=14977"},{"taxonomy":"product_cat","embeddable":true,"href":"https:\/\/www.wdshop.eu\/index.php\/wp-json\/wp\/v2\/product_cat?post=14977"},{"taxonomy":"product_tag","embeddable":true,"href":"https:\/\/www.wdshop.eu\/index.php\/wp-json\/wp\/v2\/product_tag?post=14977"}],"curies":[{"name":"wp","href":"https:\/\/api.w.org\/{rel}","templated":true}]}}