{"id":14991,"date":"2026-01-01T10:11:35","date_gmt":"2026-01-01T09:11:35","guid":{"rendered":"https:\/\/www.wdshop.eu\/?post_type=product&#038;p=14991"},"modified":"2026-01-03T19:00:51","modified_gmt":"2026-01-03T18:00:51","slug":"wdo061","status":"publish","type":"product","link":"https:\/\/www.wdshop.eu\/index.php\/produkt\/wdo061\/","title":{"rendered":"<span style=\"color: #808080;\"><small>Slovensko\/Slovakia <\/small><\/span><br\/>  <strong>KORYTNA\u010cKA MO\u010cIARNA <\/strong>[2026]<br\/> <span style=\"color: #808080;\"><small><i>Num. ob\u00e1lka\/Num. envelope<\/i><\/small><\/span> \u2013 <strong style=\"color: #ff0000;\">300 ks\/pcs<\/strong><hr>"},"content":{"rendered":"<h4>\ud83c\uddf8\ud83c\uddf0 <strong data-start=\"107\" data-end=\"121\">PREDPREDAJ<\/strong> \u2013 odosielanie od <strong>\u2192<\/strong> <strong>marec 2026<\/strong><br \/>\n<span style=\"color: #999999;\">\ud83c\uddec\ud83c\udde7 <strong data-start=\"161\" data-end=\"173\">PRESALE<\/strong> \u2013 shipping from <strong>\u2192 March 2026<\/strong><\/span><\/h4>\n<p>&nbsp;<\/p>\n<p>\ud83c\uddf8\ud83c\uddf0 <strong>FAUNA A FL\u00d3RA SLOVENSKA \u2013 KORYTNA\u010cKA MO\u010cIARNA<\/strong>\u00a0| UNC kvalita<br \/>\n<span style=\"color: #999999;\">\ud83c\uddec\ud83c\udde7 <strong>FAUNA AND FLORA OF SLOVAKIA \u2013 MARSHALL TURTLE<\/strong> | UNC quality<\/span><br \/>\n\ud83d\udccd Slovensko\/<span style=\"color: #999999;\">Slovakia<\/span> | 2026 | <a href=\"http:\/\/www.wdoriginal.com\"><strong>www.wdoriginal.com<\/strong><\/a><\/p>\n<p data-start=\"136\" data-end=\"612\">\ud83c\uddf8\ud83c\uddf0\ud83d\udc22 <strong data-start=\"143\" data-end=\"275\">Ofici\u00e1lna numizmatick\u00e1 ob\u00e1lka s mot\u00edvom korytna\u010dky mo\u010diarnej \u2013 jedinej prirodzene sa vyskytuj\u00facej korytna\u010dky na \u00fazem\u00ed Slovenska.<\/strong><br data-start=\"275\" data-end=\"278\" \/>Vznikla ako s\u00fa\u010das\u0165 prest\u00ed\u017enej s\u00e9rie <strong data-start=\"314\" data-end=\"343\">\u201eFauna a fl\u00f3ra Slovenska\u201c<\/strong>, ktor\u00e1 nadv\u00e4zuje na pam\u00e4tn\u00e9 mince vydan\u00e9 N\u00e1rodnou bankou Slovenska a upozor\u0148uje na v\u00fdznam ochrany vz\u00e1cnych a ohrozen\u00fdch druhov slovenskej pr\u00edrody.<br data-start=\"490\" data-end=\"493\" \/>T\u00e1to ob\u00e1lka je \u010d\u00edslovan\u00e1 a vydan\u00e1 v <strong data-start=\"529\" data-end=\"563\" data-is-only-node=\"\">limitovanom n\u00e1klade len 300 ks<\/strong>, \u010do jej dod\u00e1va exkluzivitu a zberate\u013esk\u00fd v\u00fdznam.<\/p>\n<p data-start=\"614\" data-end=\"1123\">\ud83c\uddec\ud83c\udde7\ud83d\udc22 <strong data-start=\"621\" data-end=\"740\">Official numismatic envelope featuring the European pond turtle \u2013 the only native turtle species found in Slovakia.<\/strong><br data-start=\"740\" data-end=\"743\" \/>Created as part of the prestigious <strong data-start=\"778\" data-end=\"811\">\u201cFauna and Flora of Slovakia\u201d<\/strong> series, which follows the commemorative coins issued by the National Bank of Slovakia and highlights the importance of protecting rare and endangered species of Slovak wildlife.<br data-start=\"989\" data-end=\"992\" \/>This envelope is individually numbered and issued in a <strong data-start=\"1047\" data-end=\"1082\" data-is-only-node=\"\">limited edition of just 300 pcs<\/strong>, adding exclusivity and collector value.<\/p>\n<p>\ud83c\uddf8\ud83c\uddf0\ud83d\udce6 <strong>N\u00e1klad iba 300 \u010d\u00edslovan\u00fdch kusov<\/strong> (0000001-0000300). Vysok\u00e1 zberate\u013esk\u00e1 a\u202finvesti\u010dn\u00e1 hodnota \u2013 ka\u017ed\u00fd kus je dod\u00e1van\u00fd v ochrannom balen\u00ed.<\/p>\n<p>\ud83c\uddec\ud83c\udde7\ud83d\udce6 <strong>Edition limited to 300 numbered pieces<\/strong> (0000001-0000300). High collector and investment value \u2013 each piece comes in protective packaging.<\/p>\n<p>\ud83d\udcb6 <strong>Nomin\u00e1lna hodnota mince \/ <\/strong>Nominal value of the coin: 5 EUR<br \/>\n\ud83d\udcec <strong>Zn\u00e1mka \/ <\/strong>Stamp: 4 SKK<br \/>\n\ud83c\udfa8 <strong>Autor mince \/ <\/strong>Coin author: Karol Li\u010dko<br \/>\n\ud83c\udfa8 <strong>Autor zn\u00e1mky \/ <\/strong>Stamp author: prof. Robert Jan\u010dovi\u010d akad. mal. | akad. mal. Rudolf Cig\u00e1nik<br \/>\n\ud83d\udcca <strong>N\u00e1klad \/ <\/strong>Edition:\u00a0300 kusov (\u010d\u00edslovan\u00e9) \/ 300 pcs (numbered)<br \/>\n\ud83d\udcc5 <strong>D\u00e1tum vydania \/ <\/strong>Release date: marec 2026 \/ <span style=\"color: #999999;\">March 2026<\/span><br \/>\n\ud83e\ude99 <strong>Kvalita mince \/ <\/strong>Coin quality: UNC<\/p>\n<p>\ud83c\uddf8\ud83c\uddf0 <strong>\u010co znamen\u00e1 kvalita UNC?<\/strong><br \/>\nN\u00e1zov kvality poch\u00e1dza z anglick\u00e9ho slova \u201euncirculated\u201c, \u010do znamen\u00e1 neobehov\u00fd. Ide o naj\u010dastej\u0161ie zberate\u013esk\u00e9 vyhotovenie minc\u00ed, ktor\u00e9 sa do obehu nikdy nedostali a poch\u00e1dzaj\u00fa priamo z mincovne alebo banky. Ich hodnota je vy\u0161\u0161ia ne\u017e hodnota obehov\u00fdch minc\u00ed.<br \/>\nNa manipul\u00e1ciu s mincou je potrebn\u00e9 pou\u017ei\u0165 bavlnen\u00e9 rukavice alebo pinzetu a uchov\u00e1va\u0165 ju v ochrannom albume \u2013 inak m\u00f4\u017ee d\u00f4js\u0165 k znehodnoteniu.<\/p>\n<p><span style=\"color: #999999;\">\ud83c\uddec\ud83c\udde7 <strong>What is UNC quality?<\/strong><br \/>\nThe term comes from the English word \u201cuncirculated\u201d. It is the most common collector-grade version of coins, which have never entered circulation and come directly from the mint or the bank. Their value is naturally higher than regular circulation coins.<br \/>\nIt is important to handle such coins with care \u2013 using cotton gloves or tweezers and keeping them in protective albums \u2013 otherwise they may lose their collector value.<\/span><\/p>\n","protected":false},"excerpt":{"rendered":"<p data-start=\"76\" data-end=\"319\">\ud83c\uddf8\ud83c\uddf0 <strong data-start=\"81\" data-end=\"176\">Exkluz\u00edvna numizmatick\u00e1 ob\u00e1lka zo s\u00e9rie Fauna a fl\u00f3ra Slovenska \u2013 mot\u00edv korytna\u010dka mo\u010diarna<\/strong>, vydan\u00e1 v <strong data-start=\"187\" data-end=\"235\">limitovanej ed\u00edcii len 300 \u010d\u00edslovan\u00fdch kusov<\/strong>. Vz\u00e1cny zberate\u013esk\u00fd k\u00fasok s investi\u010dn\u00fdm potenci\u00e1lom, ktor\u00fd obohat\u00ed ka\u017ed\u00fa zbierku. | <span style=\"color: #999999;\">\ud83c\uddec\ud83c\udde7 <strong data-start=\"326\" data-end=\"432\">Exclusive numismatic envelope from the Fauna and Flora of Slovakia series \u2013 European pond turtle motif<\/strong>, issued in a <strong data-start=\"446\" data-end=\"502\">strictly limited edition of only 300 numbered pieces<\/strong>. A rare collectible with investment potential that will enrich any collection.<\/span><\/p>\n","protected":false},"featured_media":14983,"template":"","meta":{"_monsterinsights_skip_tracking":false,"_monsterinsights_sitenote_active":false,"_monsterinsights_sitenote_note":"","_monsterinsights_sitenote_category":0},"product_brand":[],"product_cat":[165,20],"product_tag":[175,167],"class_list":{"0":"post-14991","1":"product","2":"type-product","3":"status-publish","4":"has-post-thumbnail","6":"product_cat-envelope","7":"product_cat-presale","8":"product_tag-175","9":"product_tag-wdoriginal","11":"first","12":"instock","13":"shipping-taxable","14":"purchasable","15":"product-type-simple"},"_links":{"self":[{"href":"https:\/\/www.wdshop.eu\/index.php\/wp-json\/wp\/v2\/product\/14991","targetHints":{"allow":["GET"]}}],"collection":[{"href":"https:\/\/www.wdshop.eu\/index.php\/wp-json\/wp\/v2\/product"}],"about":[{"href":"https:\/\/www.wdshop.eu\/index.php\/wp-json\/wp\/v2\/types\/product"}],"wp:featuredmedia":[{"embeddable":true,"href":"https:\/\/www.wdshop.eu\/index.php\/wp-json\/wp\/v2\/media\/14983"}],"wp:attachment":[{"href":"https:\/\/www.wdshop.eu\/index.php\/wp-json\/wp\/v2\/media?parent=14991"}],"wp:term":[{"taxonomy":"product_brand","embeddable":true,"href":"https:\/\/www.wdshop.eu\/index.php\/wp-json\/wp\/v2\/product_brand?post=14991"},{"taxonomy":"product_cat","embeddable":true,"href":"https:\/\/www.wdshop.eu\/index.php\/wp-json\/wp\/v2\/product_cat?post=14991"},{"taxonomy":"product_tag","embeddable":true,"href":"https:\/\/www.wdshop.eu\/index.php\/wp-json\/wp\/v2\/product_tag?post=14991"}],"curies":[{"name":"wp","href":"https:\/\/api.w.org\/{rel}","templated":true}]}}