{"id":14995,"date":"2026-01-01T10:08:39","date_gmt":"2026-01-01T09:08:39","guid":{"rendered":"https:\/\/www.wdshop.eu\/?post_type=product&#038;p=14995"},"modified":"2026-01-02T21:48:30","modified_gmt":"2026-01-02T20:48:30","slug":"2roll-26-01","status":"publish","type":"product","link":"https:\/\/www.wdshop.eu\/index.php\/produkt\/2roll-26-01\/","title":{"rendered":"<span style=\"color: #808080;\"><small>Slovensko\/Slovakia <\/small><\/span><br\/>  <strong>TREN\u010c\u00cdN <\/strong>[2026] \u2013 <strong style=\"color: #ff0000;\">ROLL<\/strong><br\/><span style=\"color: #808080;\"><small><i>Pam\u00e4tn\u00e1 eurominca\/Commemorative euro coin<\/i><\/small><\/span><hr>"},"content":{"rendered":"<h4>\ud83c\uddf8\ud83c\uddf0 <strong data-start=\"107\" data-end=\"121\">PREDPREDAJ<\/strong> \u2013 odosielanie od <strong>\u2192<\/strong> <strong>janu\u00e1r 2026<\/strong><br \/>\n<span style=\"color: #999999;\">\ud83c\uddec\ud83c\udde7 <strong data-start=\"161\" data-end=\"173\">PRESALE<\/strong> \u2013 shipping from <strong>\u2192 January 2026<\/strong><\/span><\/h4>\n<p>&nbsp;<\/p>\n<p>\ud83c\uddf8\ud83c\uddf0 <strong>V\u00ddRO\u010cIA A UDALOSTI \u2013 TREN\u010c\u00cdN <em>Eur\u00f3pske hlavn\u00e9 mesto kult\u00fary<\/em><\/strong>\u00a0| UNC kvalita<br \/>\n<span style=\"color: #999999;\">\ud83c\uddec\ud83c\udde7 <strong>ANNIVERSARIES AND EVENTS \u2013 TREN\u010c\u00cdN <em>European capital city of culture<\/em><\/strong>\u00a0| UNC quality<\/span><br \/>\n\ud83d\udccd Slovensko\/<span style=\"color: #999999;\">Slovakia<\/span> | 2026 |<\/p>\n<p>\ud83d\udcb6 <strong>Nomin\u00e1lna hodnota mince \/ <\/strong><span style=\"color: #999999;\">Nominal value of the coin<\/span>: 2 EUR<br \/>\n\ud83c\udfa8 <strong>Autor mince \/ <\/strong><span style=\"color: #999999;\">Coin author<\/span>: BcA. Kl\u00e1ra Fojt\u016f<br \/>\n\ud83d\udcca <strong>N\u00e1klad \/ <\/strong><span style=\"color: #999999;\">Edition<\/span>: 1.000.000 ks \/ <span style=\"color: #999999;\">1.000.000 pcs<\/span><br \/>\n\ud83d\udcc5 <strong>D\u00e1tum vydania \/ <\/strong><span style=\"color: #999999;\">Release date<\/span>: janu\u00e1r 2026 \/ <span style=\"color: #999999;\">January 2026<\/span><br \/>\n\ud83e\ude99 <strong>Kvalita mince \/ <\/strong><span style=\"color: #999999;\">Coin quality<\/span>: UNC<\/p>\n<p>\ud83c\uddf8\ud83c\uddf0 <strong>\u010co znamen\u00e1 kvalita UNC?<\/strong><br \/>\nN\u00e1zov kvality poch\u00e1dza z anglick\u00e9ho slova \u201euncirculated\u201c, \u010do znamen\u00e1 neobehov\u00fd. Ide o naj\u010dastej\u0161ie zberate\u013esk\u00e9 vyhotovenie minc\u00ed, ktor\u00e9 sa do obehu nikdy nedostali a poch\u00e1dzaj\u00fa priamo z mincovne alebo banky. Ich hodnota je vy\u0161\u0161ia ne\u017e hodnota obehov\u00fdch minc\u00ed.<br \/>\nNa manipul\u00e1ciu s mincou je potrebn\u00e9 pou\u017ei\u0165 bavlnen\u00e9 rukavice alebo pinzetu a uchov\u00e1va\u0165 ju v ochrannom albume \u2013 inak m\u00f4\u017ee d\u00f4js\u0165 k znehodnoteniu.<\/p>\n<p><span style=\"color: #999999;\">\ud83c\uddec\ud83c\udde7 <strong>What is UNC quality?<\/strong><br \/>\nThe term comes from the English word \u201cuncirculated\u201d. It is the most common collector-grade version of coins, which have never entered circulation and come directly from the mint or the bank. Their value is naturally higher than regular circulation coins.<br \/>\nIt is important to handle such coins with care \u2013 using cotton gloves or tweezers and keeping them in protective albums \u2013 otherwise they may lose their collector value.<\/span><\/p>\n","protected":false},"excerpt":{"rendered":"<p data-start=\"125\" data-end=\"417\">\ud83c\uddf8\ud83c\uddf0 <strong data-start=\"130\" data-end=\"211\">Exkluz\u00edvna pam\u00e4tn\u00e1 eurominca k projektu Tren\u010d\u00edn \u2013 Hlavn\u00e9 mesto kult\u00fary 2026<\/strong>. Reprezentat\u00edvny zberate\u013esk\u00fd artefakt pripom\u00ednaj\u00faci v\u00fdnimo\u010dn\u00fd kult\u00farny m\u00ed\u013enik mesta, s potenci\u00e1lom dlhodobej zberate\u013eskej a investi\u010dnej hodnoty. | \ud83c\uddec\ud83c\udde7 <strong data-start=\"424\" data-end=\"525\">Exclusive commemorative euro coin dedicated to the project Tren\u010d\u00edn \u2013 European Capital of Culture 2026<\/strong>. A representative collectible commemorating an exceptional cultural milestone, with long-term collector and investment potential.<\/p>\n","protected":false},"featured_media":14996,"template":"","meta":{"_monsterinsights_skip_tracking":false,"_monsterinsights_sitenote_active":false,"_monsterinsights_sitenote_note":"","_monsterinsights_sitenote_category":0},"product_brand":[],"product_cat":[20],"product_tag":[175],"class_list":{"0":"post-14995","1":"product","2":"type-product","3":"status-publish","4":"has-post-thumbnail","6":"product_cat-presale","7":"product_tag-175","9":"first","10":"instock","11":"shipping-taxable","12":"purchasable","13":"product-type-simple"},"_links":{"self":[{"href":"https:\/\/www.wdshop.eu\/index.php\/wp-json\/wp\/v2\/product\/14995","targetHints":{"allow":["GET"]}}],"collection":[{"href":"https:\/\/www.wdshop.eu\/index.php\/wp-json\/wp\/v2\/product"}],"about":[{"href":"https:\/\/www.wdshop.eu\/index.php\/wp-json\/wp\/v2\/types\/product"}],"wp:featuredmedia":[{"embeddable":true,"href":"https:\/\/www.wdshop.eu\/index.php\/wp-json\/wp\/v2\/media\/14996"}],"wp:attachment":[{"href":"https:\/\/www.wdshop.eu\/index.php\/wp-json\/wp\/v2\/media?parent=14995"}],"wp:term":[{"taxonomy":"product_brand","embeddable":true,"href":"https:\/\/www.wdshop.eu\/index.php\/wp-json\/wp\/v2\/product_brand?post=14995"},{"taxonomy":"product_cat","embeddable":true,"href":"https:\/\/www.wdshop.eu\/index.php\/wp-json\/wp\/v2\/product_cat?post=14995"},{"taxonomy":"product_tag","embeddable":true,"href":"https:\/\/www.wdshop.eu\/index.php\/wp-json\/wp\/v2\/product_tag?post=14995"}],"curies":[{"name":"wp","href":"https:\/\/api.w.org\/{rel}","templated":true}]}}