{"id":15030,"date":"2015-01-01T05:04:32","date_gmt":"2015-01-01T04:04:32","guid":{"rendered":"https:\/\/www.wdshop.eu\/?post_type=product&#038;p=15030"},"modified":"2026-03-10T10:18:37","modified_gmt":"2026-03-10T09:18:37","slug":"bundle-2","status":"publish","type":"product","link":"https:\/\/www.wdshop.eu\/index.php\/produkt\/bundle-2\/","title":{"rendered":"<span style=\"color: #808080;\"><small>Euro\/Pound Souvenir <span style=\"color: #ff0000;\"><b>SPECIAL OFFER<\/b><\/small><\/span><br\/> <b><i>mot\u00edv\/issue<\/i><\/b> \u2013 <strong style=\"color: #800080;\"><small>PODPIS\/SIGNATURE | \u201eRichard Faille\u201c<\/small><\/strong> [2021-2023] \u2013 <strong style=\"color: #ff0000;\">16x<\/strong>"},"content":{"rendered":"<p><strong>Euro Souvenir Eur\u00f3pa\/<span style=\"color: #999999;\">Europe<\/span> 2021-2023 \u2013 16x Euro\/Pound Souvenir \u2013 <span style=\"color: #ff0000;\">PODPIS\/SIGNATURE | &#8222;Richard Faille&#8220;<\/span><\/strong><\/p>\n<p><strong>Katal\u00f3gov\u00e9 \u010d\u00edslo | <\/strong><span style=\"color: #999999;\">Catalog number: <span style=\"color: #333333;\">&#8211;<\/span><\/span><br \/>\n<strong>\u0160t\u00e1t | <\/strong><span style=\"color: #999999;\">Country<strong>:<\/strong><\/span> Eur\u00f3pa\/<span style=\"color: #999999;\">Europe<\/span><br \/>\n<strong>S\u00e9ria, rok, variant <span style=\"color: #000000;\">|<\/span><\/strong><span style=\"color: #999999;\"> Series, year, version<strong>:<\/strong><\/span> &#8211;<br \/>\n<strong>N\u00e1klad <span style=\"color: #000000;\">| <\/span><\/strong><span style=\"color: #999999;\">Quantity<strong>:<\/strong><\/span> &#8211;<br \/>\n<strong>\u010c\u00edslovanie | <\/strong><span style=\"color: #999999;\">Numbering: <span style=\"color: #333333;\">&#8211;<\/span><\/span><br \/>\n<strong>D\u00e1tum vydania | <\/strong><span style=\"color: #999999;\">Release date:<\/span> 2021-2023<br \/>\n<strong>Kvalita | <\/strong><span style=\"color: #999999;\">Quality:<\/span> UNC<br \/>\n<strong>Rozmer |<\/strong><span style=\"color: #999999;\"> Size: <\/span>135 x 74 mm<\/p>\n<p style=\"text-align: center;\"><span style=\"color: #ff0000;\"><strong>Predmetom n\u00e1kupu je uveden\u00fd produkt s n\u00e1hodn\u00fdm s\u00e9riov\u00fdm \u010d\u00edslom. Obr\u00e1zok sl\u00fa\u017ei len na ilustr\u00e1ciu.<br \/>\n<\/strong><span style=\"color: #999999;\">The subject of the purchase is the specified product with a random serial number. The image is for illustration purposes only.<\/span><\/span><\/p>\n","protected":false},"excerpt":{"rendered":"<h2 style=\"text-indent: 0; word-spacing: 1; line-height: 0%;\" align=\"left\"><span style=\"color: #000000; font-size: x-large;\"><strong>Reviews <\/strong><\/span><span style=\"color: #ffcc00;\"><strong>\u2605\u2605\u2605\u2605\u2605<\/strong><\/span><\/h2>\n<p style=\"text-indent: 0; word-spacing: 1; line-height: 0%;\" align=\"left\"><span style=\"color: #808080; font-size: large;\"><strong>Hodnotenie 100% <\/strong><\/span><span style=\"color: #0000ff; font-size: x-large;\"><strong>(5 out of 5 stars)<\/strong><\/span><\/p>\n","protected":false},"featured_media":15031,"template":"","meta":{"_monsterinsights_skip_tracking":false,"_monsterinsights_sitenote_active":false,"_monsterinsights_sitenote_note":"","_monsterinsights_sitenote_category":0},"product_brand":[],"product_cat":[15,173],"product_tag":[],"class_list":{"0":"post-15030","1":"product","2":"type-product","3":"status-publish","4":"has-post-thumbnail","6":"product_cat-souvenir","7":"product_cat-souvenir-premium","9":"first","10":"instock","11":"shipping-taxable","12":"purchasable","13":"product-type-simple"},"_links":{"self":[{"href":"https:\/\/www.wdshop.eu\/index.php\/wp-json\/wp\/v2\/product\/15030","targetHints":{"allow":["GET"]}}],"collection":[{"href":"https:\/\/www.wdshop.eu\/index.php\/wp-json\/wp\/v2\/product"}],"about":[{"href":"https:\/\/www.wdshop.eu\/index.php\/wp-json\/wp\/v2\/types\/product"}],"wp:featuredmedia":[{"embeddable":true,"href":"https:\/\/www.wdshop.eu\/index.php\/wp-json\/wp\/v2\/media\/15031"}],"wp:attachment":[{"href":"https:\/\/www.wdshop.eu\/index.php\/wp-json\/wp\/v2\/media?parent=15030"}],"wp:term":[{"taxonomy":"product_brand","embeddable":true,"href":"https:\/\/www.wdshop.eu\/index.php\/wp-json\/wp\/v2\/product_brand?post=15030"},{"taxonomy":"product_cat","embeddable":true,"href":"https:\/\/www.wdshop.eu\/index.php\/wp-json\/wp\/v2\/product_cat?post=15030"},{"taxonomy":"product_tag","embeddable":true,"href":"https:\/\/www.wdshop.eu\/index.php\/wp-json\/wp\/v2\/product_tag?post=15030"}],"curies":[{"name":"wp","href":"https:\/\/api.w.org\/{rel}","templated":true}]}}