{"id":3772,"date":"2017-01-01T05:05:37","date_gmt":"2017-01-01T04:05:37","guid":{"rendered":"http:\/\/www.wdshop.eu\/?post_type=product&#038;p=3772"},"modified":"2025-02-27T18:15:15","modified_gmt":"2025-02-27T17:15:15","slug":"2unc-17-01","status":"publish","type":"product","link":"https:\/\/www.wdshop.eu\/index.php\/produkt\/2unc-17-01\/","title":{"rendered":"<span style=\"color: #808080;\"><small>Slovensko\/Slovakia <\/small><\/span><br\/> 2 EURO \u2013 <b>UNIVERZITA ISTROPOLITANA \u2013 <i>550. v\u00fdro\u010die za\u010datia \u010dinnosti<\/i><\/b> \u2013 <strong style=\"color: #ff0000;\">UNC<\/strong> [2017]"},"content":{"rendered":"<p style=\"text-align: left;\"><strong>2 EURO UNIVERZITA ISTROPOLITANA \u2013 550. v\u00fdro\u010die za\u010datia \u010dinnosti \u2013 <span style=\"color: #ff0000;\">UNC<\/span> | Slovensko\/Slovakia 2017<br \/>\n<\/strong><\/p>\n<p style=\"text-align: left;\"><strong>Nomin\u00e1lna hodnota<\/strong> | <span style=\"color: #999999;\">Nominal value:<\/span> 2 EURO<strong><br \/>\n<\/strong><strong>Autor<\/strong> | <span style=\"color: #999999;\">Author:<\/span> M\u00e1ria Poldaufov\u00e1<br \/>\n<strong>N\u00e1klad | <\/strong><span style=\"color: #999999;\">Quantity<strong>:<\/strong><\/span> 1.000.000 kusov\/pieces (1.500 <strong>\u2013<\/strong> PROOF)<br \/>\n<strong>D\u00e1tum vydania<\/strong> | <span style=\"color: #999999;\">Release date:<\/span> 04.01.2017<br \/>\n<strong>Kvalita<\/strong> | <span style=\"color: #999999;\">Quality:<\/span> UNC (mincov\u00e1 rolka\/mint roll)<br \/>\n<strong>Rozmer |<\/strong> <span style=\"color: #999999;\">Size:<\/span> 25,75 mm | 2,20 mm<\/p>\n<p><strong>Kvalita UNC<\/strong><br \/>\nN\u00e1zov kvality poch\u00e1dza z anglick\u00e9ho slova <i><b>&#8222;uncirculated&#8220;<\/b><\/i>, \u010do znamen\u00e1 <b>neobehov\u00fd<\/b>. UNC kvalita euro minc\u00ed je najroz\u0161\u00edrenej\u0161ou kvalitou minc\u00ed. Tak\u00e1to minca sa raz\u00ed vo ve\u013ek\u00fdch mno\u017estv\u00e1ch a od obehovej kvality sa l\u00ed\u0161i len t\u00fdm, \u017ee sa do obehu nikdy nedostala a poch\u00e1dza priamo z banky. Jej hodnota je pochopite\u013ene vy\u0161\u0161ia ako je hodnota obehovej mince. S takouto mincou je potrebn\u00e9 spr\u00e1vne manipulova\u0165. V opa\u010dnom pr\u00edpade s nanesen\u00edm prachu \u010di mastnoty zost\u00e1vaj\u00fa na minci vidite\u013en\u00e9 odtla\u010dky, \u010d\u00edm sa u\u017e pova\u017euje za obehov\u00fa kvalitu. Pri manipul\u00e1ci\u00ed je vhodn\u00e9 pou\u017e\u00edva\u0165 bavlnen\u00e9 rukavice, pinzetu a mince ma\u0165 ulo\u017een\u00e9 v kvalitnom albume ur\u010denom na dan\u00fd \u00fa\u010del.<\/p>\n<p><span style=\"color: #999999;\"><strong>Quality UNC<\/strong><\/span><br \/>\n<span style=\"color: #999999;\">The name of the quality comes from the english word <em><strong>&#8222;uncirculated&#8220;<\/strong><\/em>, which means <strong>non-circulating<\/strong>. UNC quality euro coins are the most common quality coins. Such a coin is minted in large quantities and differs from the circulation quality only in that it has never entered circulation and comes directly from the bank. Its value is, of course, higher than the value of the circulation coin. Such a coin must be handled correctly. Otherwise, with the application of dust or grease, imprints remain visible on the coin, which is already considered a circulatory quality. When handling, it is advisable to use cotton gloves, tweezers and coins stored in a quality album designed for the purpose.<\/span><\/p>\n","protected":false},"excerpt":{"rendered":"<p>2 EURO UNIVERZITA ISTROPOLITANA \u2013 550. v\u00fdro\u010die za\u010datia \u010dinnosti \u2013 UNC | Slovensko\/Slovakia 2017 Nomin\u00e1lna hodnota | Nominal value: 2 EURO Autor | Author: M\u00e1ria Poldaufov\u00e1 N\u00e1klad | Quantity: 1.000.000 kusov\/pieces (1.500 \u2013 PROOF) D\u00e1tum vydania | Release date: 04.01.2017 Kvalita | Quality: UNC (mincov\u00e1 rolka\/mint roll) Rozmer | Size: 25,75 mm | 2,20 mm [&hellip;]<\/p>\n","protected":false},"featured_media":13035,"template":"","meta":{"_monsterinsights_skip_tracking":false,"_monsterinsights_sitenote_active":false,"_monsterinsights_sitenote_note":"","_monsterinsights_sitenote_category":0},"product_brand":[],"product_cat":[47,123,134],"product_tag":[113],"class_list":{"0":"post-3772","1":"product","2":"type-product","3":"status-publish","4":"has-post-thumbnail","6":"product_cat-coins","7":"product_cat-2-euro","8":"product_cat-2-euro-unc","9":"product_tag-113","11":"first","12":"instock","13":"shipping-taxable","14":"purchasable","15":"product-type-simple"},"_links":{"self":[{"href":"https:\/\/www.wdshop.eu\/index.php\/wp-json\/wp\/v2\/product\/3772","targetHints":{"allow":["GET"]}}],"collection":[{"href":"https:\/\/www.wdshop.eu\/index.php\/wp-json\/wp\/v2\/product"}],"about":[{"href":"https:\/\/www.wdshop.eu\/index.php\/wp-json\/wp\/v2\/types\/product"}],"wp:featuredmedia":[{"embeddable":true,"href":"https:\/\/www.wdshop.eu\/index.php\/wp-json\/wp\/v2\/media\/13035"}],"wp:attachment":[{"href":"https:\/\/www.wdshop.eu\/index.php\/wp-json\/wp\/v2\/media?parent=3772"}],"wp:term":[{"taxonomy":"product_brand","embeddable":true,"href":"https:\/\/www.wdshop.eu\/index.php\/wp-json\/wp\/v2\/product_brand?post=3772"},{"taxonomy":"product_cat","embeddable":true,"href":"https:\/\/www.wdshop.eu\/index.php\/wp-json\/wp\/v2\/product_cat?post=3772"},{"taxonomy":"product_tag","embeddable":true,"href":"https:\/\/www.wdshop.eu\/index.php\/wp-json\/wp\/v2\/product_tag?post=3772"}],"curies":[{"name":"wp","href":"https:\/\/api.w.org\/{rel}","templated":true}]}}