{"id":3941,"date":"2022-06-01T05:01:30","date_gmt":"2022-06-01T03:01:30","guid":{"rendered":"http:\/\/www.wdshop.eu\/?post_type=product&#038;p=3941"},"modified":"2024-11-10T19:59:13","modified_gmt":"2024-11-10T18:59:13","slug":"ak-22-01","status":"publish","type":"product","link":"https:\/\/www.wdshop.eu\/index.php\/produkt\/ak-22-01\/","title":{"rendered":"<span style=\"color: #808080;\"><small>Slovensko\/Slovakia <\/small><\/span><br\/><strong>KAMZ\u00cdK VRCHOVSK\u00dd TATRANSK\u00dd<\/strong> [2022] <br\/><strong style=\"color: #ff0000;\">Autorsk\u00e1 karta\/Info card<\/strong>"},"content":{"rendered":"<p><strong><span style=\"color: #ff0000;\">AUTORSK\u00c1 KARTA\/INFO CARD<\/span> \u2013 KAMZ\u00cdK VRCHOVSK\u00dd TATRANSK\u00dd<\/strong><\/p>\n<p><strong>N\u00e1klad | <\/strong><span style=\"color: #999999;\">Quantity<strong>:<\/strong><\/span> 2.000 kusov\/pieces<br \/>\n<strong>D\u00e1tum vydania<\/strong> | <span style=\"color: #999999;\">Release date:<\/span> 01.06.2022<\/p>\n","protected":false},"excerpt":{"rendered":"<p>AUTORSK\u00c1 KARTA\/INFO CARD \u2013 KAMZ\u00cdK VRCHOVSK\u00dd TATRANSK\u00dd N\u00e1klad | Quantity: 2.000 kusov\/pieces D\u00e1tum vydania | Release date: 01.06.2022<\/p>\n","protected":false},"featured_media":12781,"template":"","meta":{"_monsterinsights_skip_tracking":false,"_monsterinsights_sitenote_active":false,"_monsterinsights_sitenote_note":"","_monsterinsights_sitenote_category":0},"product_brand":[],"product_cat":[47,124,128],"product_tag":[103],"class_list":{"0":"post-3941","1":"product","2":"type-product","3":"status-publish","4":"has-post-thumbnail","6":"product_cat-coins","7":"product_cat-5-euro","8":"product_cat-certificate","9":"product_tag-103","11":"first","12":"instock","13":"shipping-taxable","14":"product-type-simple"},"_links":{"self":[{"href":"https:\/\/www.wdshop.eu\/index.php\/wp-json\/wp\/v2\/product\/3941","targetHints":{"allow":["GET"]}}],"collection":[{"href":"https:\/\/www.wdshop.eu\/index.php\/wp-json\/wp\/v2\/product"}],"about":[{"href":"https:\/\/www.wdshop.eu\/index.php\/wp-json\/wp\/v2\/types\/product"}],"wp:featuredmedia":[{"embeddable":true,"href":"https:\/\/www.wdshop.eu\/index.php\/wp-json\/wp\/v2\/media\/12781"}],"wp:attachment":[{"href":"https:\/\/www.wdshop.eu\/index.php\/wp-json\/wp\/v2\/media?parent=3941"}],"wp:term":[{"taxonomy":"product_brand","embeddable":true,"href":"https:\/\/www.wdshop.eu\/index.php\/wp-json\/wp\/v2\/product_brand?post=3941"},{"taxonomy":"product_cat","embeddable":true,"href":"https:\/\/www.wdshop.eu\/index.php\/wp-json\/wp\/v2\/product_cat?post=3941"},{"taxonomy":"product_tag","embeddable":true,"href":"https:\/\/www.wdshop.eu\/index.php\/wp-json\/wp\/v2\/product_tag?post=3941"}],"curies":[{"name":"wp","href":"https:\/\/api.w.org\/{rel}","templated":true}]}}