{"id":4173,"date":"2022-05-01T10:30:47","date_gmt":"2022-05-01T08:30:47","guid":{"rendered":"http:\/\/www.wdshop.eu\/?post_type=product&#038;p=4173"},"modified":"2025-12-27T08:07:12","modified_gmt":"2025-12-27T07:07:12","slug":"dkab2022-1-100x","status":"publish","type":"product","link":"https:\/\/www.wdshop.eu\/index.php\/produkt\/dkab2022-1-100x\/","title":{"rendered":"<span style=\"color: #808080;\"><small>Euro Souvenir #WD009<\/small><\/span><br\/> <b>TYCHO BRAHE <i>Danish astronomer<\/i><\/b> [2022] \u2013 <strong style=\"color: #ff0000;\">100x<\/strong>"},"content":{"rendered":"<p><strong>Euro Souvenir D\u00e1nsko\/<span style=\"color: #999999;\">Denmark<\/span> 2022 \u2013 TYCHO BRAHE Danish astronomer \u2013 <span style=\"color: #ff0000;\">100 kusov\/pieces<\/span><br \/>\n<\/strong><\/p>\n<p><strong>Katal\u00f3gov\u00e9 \u010d\u00edslo | <\/strong><span style=\"color: #999999;\">Catalog number:<\/span> WD009<br \/>\n<strong>\u0160t\u00e1t | <\/strong><span style=\"color: #999999;\">Country<strong>:<\/strong><\/span> D\u00e1nsko\/<span style=\"color: #999999;\">Denmark<\/span><br \/>\n<strong>S\u00e9ria, rok, variant |<\/strong> <span style=\"color: #999999;\">Series, year, version<strong>:<\/strong><\/span> DKAB 2022-1<br \/>\n<strong>N\u00e1klad | <\/strong><span style=\"color: #999999;\">Quantity<strong>:<\/strong><\/span> 3.000 kusov\/<span style=\"color: #999999;\">pieces<\/span><br \/>\n<strong>\u010c\u00edslovanie | <\/strong><span style=\"color: #999999;\">Numbering:<\/span> 000001-003000<br \/>\n<strong>D\u00e1tum vydania | <\/strong><span style=\"color: #999999;\">Release date:<\/span> 21.05.2022<br \/>\n<strong>Kvalita | <\/strong><span style=\"color: #999999;\">Quality:<\/span> UNC<br \/>\n<strong>Rozmer |<\/strong> <span style=\"color: #999999;\">Size:<\/span> 135 x 74 mm<\/p>\n<p style=\"text-align: center;\"><span style=\"color: #999999;\"><strong><span style=\"color: #ff0000;\">Predmetom n\u00e1kupu je uveden\u00fd produkt s n\u00e1hodn\u00fdm s\u00e9riov\u00fdm \u010d\u00edslom. Obr\u00e1zok sl\u00fa\u017ei len na ilustr\u00e1ciu.<\/span><br \/>\n<\/strong>The subject of the purchase is the specified product with a random serial number. The image is for illustration purposes only.<\/span><\/p>\n","protected":false},"excerpt":{"rendered":"<h2 style=\"text-indent: 0; word-spacing: 1; line-height: 0%;\" align=\"left\"><span style=\"color: #000000; font-size: x-large;\"><strong>Reviews <\/strong><\/span><span style=\"color: #ffcc00;\"><strong>\u2605\u2605\u2605\u2605\u2605<\/strong><\/span><\/h2>\n<p style=\"text-indent: 0; word-spacing: 1; line-height: 0%;\" align=\"left\"><span style=\"color: #808080; font-size: large;\"><strong>Hodnotenie 100% <\/strong><\/span><span style=\"color: #0000ff; font-size: x-large;\"><strong>(5 out of 5 stars)<\/strong><\/span><\/p>\n","protected":false},"featured_media":14926,"template":"","meta":{"_monsterinsights_skip_tracking":false,"_monsterinsights_sitenote_active":false,"_monsterinsights_sitenote_note":"","_monsterinsights_sitenote_category":0},"product_brand":[],"product_cat":[96,15,174,43],"product_tag":[103,169],"class_list":{"0":"post-4173","1":"product","2":"type-product","3":"status-publish","4":"has-post-thumbnail","6":"product_cat-business","7":"product_cat-souvenir","8":"product_cat-souvenir-bundles","9":"product_cat-eurosouvenirwd","10":"product_tag-103","11":"product_tag-eurosouvenirwd","13":"first","14":"instock","15":"shipping-taxable","16":"purchasable","17":"product-type-simple"},"_links":{"self":[{"href":"https:\/\/www.wdshop.eu\/index.php\/wp-json\/wp\/v2\/product\/4173","targetHints":{"allow":["GET"]}}],"collection":[{"href":"https:\/\/www.wdshop.eu\/index.php\/wp-json\/wp\/v2\/product"}],"about":[{"href":"https:\/\/www.wdshop.eu\/index.php\/wp-json\/wp\/v2\/types\/product"}],"wp:featuredmedia":[{"embeddable":true,"href":"https:\/\/www.wdshop.eu\/index.php\/wp-json\/wp\/v2\/media\/14926"}],"wp:attachment":[{"href":"https:\/\/www.wdshop.eu\/index.php\/wp-json\/wp\/v2\/media?parent=4173"}],"wp:term":[{"taxonomy":"product_brand","embeddable":true,"href":"https:\/\/www.wdshop.eu\/index.php\/wp-json\/wp\/v2\/product_brand?post=4173"},{"taxonomy":"product_cat","embeddable":true,"href":"https:\/\/www.wdshop.eu\/index.php\/wp-json\/wp\/v2\/product_cat?post=4173"},{"taxonomy":"product_tag","embeddable":true,"href":"https:\/\/www.wdshop.eu\/index.php\/wp-json\/wp\/v2\/product_tag?post=4173"}],"curies":[{"name":"wp","href":"https:\/\/api.w.org\/{rel}","templated":true}]}}