{"id":4515,"date":"2022-09-01T10:08:00","date_gmt":"2022-09-01T08:08:00","guid":{"rendered":"http:\/\/www.wdshop.eu\/?post_type=product&#038;p=4515"},"modified":"2025-12-27T13:42:09","modified_gmt":"2025-12-27T12:42:09","slug":"f018","status":"publish","type":"product","link":"https:\/\/www.wdshop.eu\/index.php\/produkt\/f018\/","title":{"rendered":"<span style=\"color: #808080;\"><small>Folder #F018<\/small><\/span><br\/> <b>QUEEN VICTORIA<\/b> \u2013 <strong style=\"color: #800080;\"><small>PR\u00cdTLA\u010c\/IMPRINT<\/small><\/strong> [2022]"},"content":{"rendered":"<p><strong>Folder Pound Souvenir Ve\u013ek\u00e1 Brit\u00e1nia\/<span style=\"color: #999999;\">Great Britain<\/span> 2022 \u2013 QUEEN VICTORIA \u2013 <span style=\"color: #ff0000;\">PR\u00cdTLA\u010c\/IMPRINT<\/span><\/strong><\/p>\n<p><strong>Katal\u00f3gov\u00e9 \u010d\u00edslo | <\/strong><span style=\"color: #999999;\">Catalog number:<\/span> F018<br \/>\n<strong>\u0160t\u00e1t | <\/strong><span style=\"color: #999999;\">Country<strong>:<\/strong> <\/span>Ve\u013ek\u00e1 Brit\u00e1nia\/<span style=\"color: #999999;\">Great Britain<\/span><br \/>\n<strong>N\u00e1klad | <\/strong><span style=\"color: #999999;\">Quantity<strong>:<\/strong> <\/span>250 kusov\/<span style=\"color: #999999;\">pieces<\/span><br \/>\n<strong>\u010c\u00edslovanie | <\/strong><span style=\"color: #999999;\">Numbering:<\/span> 001-250<br \/>\n<strong>D\u00e1tum vydania | <\/strong><span style=\"color: #999999;\">Release date:<\/span> 09.09.2022<br \/>\n<strong>Kvalita | <\/strong><span style=\"color: #999999;\">Quality:<\/span> UNC<br \/>\n<strong>Rozmer |<\/strong> <span style=\"color: #999999;\">Size:<\/span> 147 x 210 mm (297 x 210 mm)<\/p>\n<p><strong>Ofici\u00e1lny folder QUEEN VICTORIA obsahuje:<\/strong><br \/>\n\u25cf 1x vydanie Pound Souvenir QUEEN VICTORIA GBAN 2022-1 PR\u00cdTLA\u010c (\u010d\u00edslovanie: 000001-000250).<\/p>\n<p><span style=\"color: #999999;\"><strong>Official folder QUEEN VICTORIA contains:<\/strong><\/span><br \/>\n<span style=\"color: #999999;\">\u25cf 1x issue Pound Souvenir QUEEN VICTORIA GBAN 2022-1 IMPRINT (numbered: 000001-000250).<\/span><\/p>\n<p style=\"text-align: center;\"><span style=\"color: #999999;\"><strong><span style=\"color: #ff0000;\">Predmetom n\u00e1kupu je uveden\u00fd produkt s n\u00e1hodn\u00fdm s\u00e9riov\u00fdm \u010d\u00edslom. Obr\u00e1zok sl\u00fa\u017ei len na ilustr\u00e1ciu.<\/span><br \/>\n<\/strong>The subject of the purchase is the specified product with a random serial number. The image is for illustration purposes only.<\/span><\/p>\n","protected":false},"excerpt":{"rendered":"<h2 style=\"text-indent: 0; word-spacing: 1; line-height: 0%;\" align=\"left\"><span style=\"color: #000000; font-size: x-large;\"><strong>Reviews <\/strong><\/span><span style=\"color: #ffcc00;\"><strong>\u2605\u2605\u2605\u2605\u2605<\/strong><\/span><\/h2>\n<p style=\"text-indent: 0; word-spacing: 1; line-height: 0%;\" align=\"left\"><span style=\"color: #808080; font-size: large;\"><strong>Hodnotenie 100% <\/strong><\/span><span style=\"color: #0000ff; font-size: x-large;\"><strong>(5 out of 5 stars)<\/strong><\/span><\/p>\n","protected":false},"featured_media":14900,"template":"","meta":{"_monsterinsights_skip_tracking":false,"_monsterinsights_sitenote_active":false,"_monsterinsights_sitenote_note":"","_monsterinsights_sitenote_category":0},"product_brand":[],"product_cat":[15,172,43],"product_tag":[103,169],"class_list":{"0":"post-4515","1":"product","2":"type-product","3":"status-publish","4":"has-post-thumbnail","6":"product_cat-souvenir","7":"product_cat-souvenir-folders","8":"product_cat-eurosouvenirwd","9":"product_tag-103","10":"product_tag-eurosouvenirwd","12":"first","13":"instock","14":"shipping-taxable","15":"purchasable","16":"product-type-simple"},"_links":{"self":[{"href":"https:\/\/www.wdshop.eu\/index.php\/wp-json\/wp\/v2\/product\/4515","targetHints":{"allow":["GET"]}}],"collection":[{"href":"https:\/\/www.wdshop.eu\/index.php\/wp-json\/wp\/v2\/product"}],"about":[{"href":"https:\/\/www.wdshop.eu\/index.php\/wp-json\/wp\/v2\/types\/product"}],"wp:featuredmedia":[{"embeddable":true,"href":"https:\/\/www.wdshop.eu\/index.php\/wp-json\/wp\/v2\/media\/14900"}],"wp:attachment":[{"href":"https:\/\/www.wdshop.eu\/index.php\/wp-json\/wp\/v2\/media?parent=4515"}],"wp:term":[{"taxonomy":"product_brand","embeddable":true,"href":"https:\/\/www.wdshop.eu\/index.php\/wp-json\/wp\/v2\/product_brand?post=4515"},{"taxonomy":"product_cat","embeddable":true,"href":"https:\/\/www.wdshop.eu\/index.php\/wp-json\/wp\/v2\/product_cat?post=4515"},{"taxonomy":"product_tag","embeddable":true,"href":"https:\/\/www.wdshop.eu\/index.php\/wp-json\/wp\/v2\/product_tag?post=4515"}],"curies":[{"name":"wp","href":"https:\/\/api.w.org\/{rel}","templated":true}]}}