{"id":489,"date":"2019-11-01T10:03:10","date_gmt":"2019-11-01T09:03:10","guid":{"rendered":"http:\/\/www.wdshop.eu\/?post_type=product&#038;p=489"},"modified":"2025-12-26T13:59:15","modified_gmt":"2025-12-26T12:59:15","slug":"f001","status":"publish","type":"product","link":"https:\/\/www.wdshop.eu\/index.php\/produkt\/f001\/","title":{"rendered":"<span style=\"color: #808080;\"><small>Folder #F001<\/small><\/span><br\/> <b>30. V\u00ddRO\u010cIE NE\u017dNEJ REVOL\u00daCIE<\/b> [2019]"},"content":{"rendered":"<p><strong>Folder Euro Souvenir Slovensko\/<span style=\"color: #999999;\">Slovakia<\/span> | \u010cesk\u00e1 republika\/<span style=\"color: #999999;\">Czech republic<\/span> 2019 \u2013 30. V\u00ddRO\u010cIE NE\u017dNEJ REVOL\u00daCIE<\/strong><\/p>\n<p><strong>Katal\u00f3gov\u00e9 \u010d\u00edslo | <\/strong><span style=\"color: #999999;\">Catalog number:<\/span> F001<br \/>\n<strong>\u0160t\u00e1t | <\/strong><span style=\"color: #999999;\">Country:<\/span> Slovensko\/<span style=\"color: #999999;\">Slovakia<\/span> | \u010cesk\u00e1 republika\/<span style=\"color: #999999;\">Czech republic<\/span><br \/>\n<strong>N\u00e1klad | <\/strong><span style=\"color: #999999;\">Quantity:<\/span> 100 kusov\/<span style=\"color: #999999;\">pieces<\/span><br \/>\n<strong>\u010c\u00edslovanie | <\/strong><span style=\"color: #999999;\">Numbering:<\/span> 001-100<br \/>\n<strong>D\u00e1tum vydania | <\/strong><span style=\"color: #999999;\">Release date:<\/span> 16.12.2019<br \/>\n<strong>Kvalita | <\/strong><span style=\"color: #999999;\">Quality:<\/span> UNC<br \/>\n<strong>Rozmer |<\/strong> <span style=\"color: #999999;\">Size:<\/span> 140 x 210 mm (420 x 210 mm)<\/p>\n<p><strong>Autorsk\u00fd folder 30. V\u00ddRO\u010cIE NE\u017dNEJ REVOL\u00daCIE (set dvoch Euro Souvenir bankoviek) obsahuje:<br \/>\n<\/strong>\u25cf 1x vydanie Euro Souvenir 30. V\u00ddRO\u010cIE NE\u017dNEJ REVOL\u00daCIE EEAM 2019-3 (\u010d\u00edslovanie: 005101-005200),<br \/>\n\u25cf 1x vydanie Euro Souvenir 30. V\u00ddRO\u010c\u00cd SAMETOV\u00c9 REVOLUCE CZAH 2019-1 (\u010d\u00edslovanie: 005101-005200).<\/p>\n<p><span style=\"color: #999999;\"><strong>Author&#8217;s folder 30. V\u00ddRO\u010cIE NE\u017dNEJ REVOL\u00daCIE\/30. V\u00ddRO\u010c\u00cd SAMETOV\u00c9 REVOLUCE contains:<br \/>\n<\/strong>\u25cf 1x issue Euro Souvenir 30. V\u00ddRO\u010cIE NE\u017dNEJ REVOL\u00daCIE EEAM 2019-3 (numbered: 005101-005200),<\/span><br \/>\n<span style=\"color: #999999;\">\u25cf 1x issue Euro Souvenir 30. V\u00ddRO\u010c\u00cd SAMETOV\u00c9 REVOLUCE CZAH 2019-1 (numbered: 005101-005200).<\/span><\/p>\n<p style=\"text-align: center;\"><span style=\"color: #999999;\"><strong><span style=\"color: #ff0000;\">Predmetom n\u00e1kupu je uveden\u00fd produkt s n\u00e1hodn\u00fdm s\u00e9riov\u00fdm \u010d\u00edslom. Obr\u00e1zok sl\u00fa\u017ei len na ilustr\u00e1ciu.<\/span><br \/>\n<\/strong>The subject of the purchase is the specified product with a random serial number. The image is for illustration purposes only.<\/span><\/p>\n","protected":false},"excerpt":{"rendered":"<h2 style=\"text-indent: 0; word-spacing: 1; line-height: 0%;\" align=\"left\"><span style=\"color: #000000; font-size: x-large;\"><strong>Reviews<\/strong><\/span><span style=\"color: #ffcc00;\"><strong> \u2605\u2605\u2605\u2605\u2605<\/strong><\/span><\/h2>\n<p style=\"text-indent: 0; word-spacing: 1; line-height: 0%;\" align=\"left\"><span style=\"color: #808080; font-size: large;\"><strong>Hodnotenie 100% <\/strong><\/span><span style=\"color: #0000ff; font-size: x-large;\"><strong>(5 out of 5 stars)<\/strong><\/span><\/p>\n","protected":false},"featured_media":14880,"template":"","meta":{"_monsterinsights_skip_tracking":false,"_monsterinsights_sitenote_active":false,"_monsterinsights_sitenote_note":"","_monsterinsights_sitenote_category":0},"product_brand":[],"product_cat":[15,172],"product_tag":[98,169],"class_list":{"0":"post-489","1":"product","2":"type-product","3":"status-publish","4":"has-post-thumbnail","6":"product_cat-souvenir","7":"product_cat-souvenir-folders","8":"product_tag-98","9":"product_tag-eurosouvenirwd","11":"first","12":"instock","13":"shipping-taxable","14":"product-type-simple"},"_links":{"self":[{"href":"https:\/\/www.wdshop.eu\/index.php\/wp-json\/wp\/v2\/product\/489","targetHints":{"allow":["GET"]}}],"collection":[{"href":"https:\/\/www.wdshop.eu\/index.php\/wp-json\/wp\/v2\/product"}],"about":[{"href":"https:\/\/www.wdshop.eu\/index.php\/wp-json\/wp\/v2\/types\/product"}],"wp:featuredmedia":[{"embeddable":true,"href":"https:\/\/www.wdshop.eu\/index.php\/wp-json\/wp\/v2\/media\/14880"}],"wp:attachment":[{"href":"https:\/\/www.wdshop.eu\/index.php\/wp-json\/wp\/v2\/media?parent=489"}],"wp:term":[{"taxonomy":"product_brand","embeddable":true,"href":"https:\/\/www.wdshop.eu\/index.php\/wp-json\/wp\/v2\/product_brand?post=489"},{"taxonomy":"product_cat","embeddable":true,"href":"https:\/\/www.wdshop.eu\/index.php\/wp-json\/wp\/v2\/product_cat?post=489"},{"taxonomy":"product_tag","embeddable":true,"href":"https:\/\/www.wdshop.eu\/index.php\/wp-json\/wp\/v2\/product_tag?post=489"}],"curies":[{"name":"wp","href":"https:\/\/api.w.org\/{rel}","templated":true}]}}