{"id":527,"date":"2020-10-01T10:01:03","date_gmt":"2020-10-01T08:01:03","guid":{"rendered":"http:\/\/www.wdshop.eu\/?post_type=product&#038;p=527"},"modified":"2025-12-26T14:17:23","modified_gmt":"2025-12-26T13:17:23","slug":"f012","status":"publish","type":"product","link":"https:\/\/www.wdshop.eu\/index.php\/produkt\/f012\/","title":{"rendered":"<span style=\"color: #808080;\"><small>Folder #F012<\/small><\/span><br\/> <b>KAREL TREYBAL<\/b> [2020]"},"content":{"rendered":"<p><strong>Folder Euro Souvenir \u010cesk\u00e1 republika\/<span style=\"color: #999999;\">Czech republic<\/span> 2020 \u2013 KAREL TREYBAL<br \/>\n<\/strong><\/p>\n<p><strong>Katal\u00f3gov\u00e9 \u010d\u00edslo | <\/strong><span style=\"color: #999999;\">Catalog number:<\/span> F012<br \/>\n<strong>\u0160t\u00e1t | <\/strong><span style=\"color: #999999;\">Country:<\/span> \u010cesk\u00e1 republika\/<span style=\"color: #999999;\">Czech republic<\/span><br \/>\n<strong>N\u00e1klad | <\/strong><span style=\"color: #999999;\">Quantity:<\/span> 100 kusov\/<span style=\"color: #999999;\">pieces<\/span><br \/>\n<strong>\u010c\u00edslovanie | <\/strong><span style=\"color: #999999;\">Numbering:<\/span> 001-100<br \/>\n<strong>D\u00e1tum vydania | <\/strong><span style=\"color: #999999;\">Release date:<\/span> 06.03.2021<br \/>\n<strong>Kvalita | <\/strong><span style=\"color: #999999;\">Quality:<\/span> UNC<br \/>\n<strong>Rozmer |<\/strong><span style=\"color: #999999;\"> Size:<\/span> 140 x 210 mm (420 x 210 mm)<\/p>\n<p><strong>Autorsk\u00fd folder KAREL TREYBAL (set dvoch Euro Souvenir bankoviek) obsahuje:<br \/>\n<\/strong>\u25cf 1x vydanie Euro Souvenir KAREL TREYBAL CZAP 2020-1 (\u010d\u00edslovanie: 003901-004000),<br \/>\n\u25cf 1x vydanie Euro Souvenir KAREL TREYBAL CZAP 2020-1 ANNIVERSARY (\u010d\u00edslovanie: 008901-009000).<\/p>\n<p><span style=\"color: #999999;\"><strong>Author&#8217;s folder KAREL TREYBAL contains:<br \/>\n<\/strong>\u25cf 1x issue Euro Souvenir KAREL TREYBAL CZAP 2020-1 (numbered: 003901-004000),<\/span><br \/>\n<span style=\"color: #999999;\">\u25cf 1x issue Euro Souvenir KAREL TREYBAL CZAP 2020-1 ANNIVERSARY (numbered: 008901-009000).<\/span><\/p>\n<p style=\"text-align: center;\"><span style=\"color: #999999;\"><strong><span style=\"color: #ff0000;\">Predmetom n\u00e1kupu je uveden\u00fd produkt s n\u00e1hodn\u00fdm s\u00e9riov\u00fdm \u010d\u00edslom. Obr\u00e1zok sl\u00fa\u017ei len na ilustr\u00e1ciu.<\/span><br \/>\n<\/strong>The subject of the purchase is the specified product with a random serial number. The image is for illustration purposes only.<\/span><\/p>\n","protected":false},"excerpt":{"rendered":"<h2 style=\"text-indent: 0; word-spacing: 1; line-height: 0%;\" align=\"left\"><span style=\"color: #000000; font-size: x-large;\"><strong>Reviews <\/strong><\/span><span style=\"color: #ffcc00;\"><strong>\u2605\u2605\u2605\u2605\u2605<\/strong><\/span><\/h2>\n<p style=\"text-indent: 0; word-spacing: 1; line-height: 0%;\" align=\"left\"><span style=\"color: #808080; font-size: large;\"><strong>Hodnotenie 100% <\/strong><\/span><span style=\"color: #0000ff; font-size: x-large;\"><strong>(5 out of 5 stars)<\/strong><\/span><\/p>\n","protected":false},"featured_media":14889,"template":"","meta":{"_monsterinsights_skip_tracking":false,"_monsterinsights_sitenote_active":false,"_monsterinsights_sitenote_note":"","_monsterinsights_sitenote_category":0},"product_brand":[],"product_cat":[15,172,43],"product_tag":[104,169],"class_list":{"0":"post-527","1":"product","2":"type-product","3":"status-publish","4":"has-post-thumbnail","6":"product_cat-souvenir","7":"product_cat-souvenir-folders","8":"product_cat-eurosouvenirwd","9":"product_tag-104","10":"product_tag-eurosouvenirwd","12":"first","13":"instock","14":"shipping-taxable","15":"product-type-simple"},"_links":{"self":[{"href":"https:\/\/www.wdshop.eu\/index.php\/wp-json\/wp\/v2\/product\/527","targetHints":{"allow":["GET"]}}],"collection":[{"href":"https:\/\/www.wdshop.eu\/index.php\/wp-json\/wp\/v2\/product"}],"about":[{"href":"https:\/\/www.wdshop.eu\/index.php\/wp-json\/wp\/v2\/types\/product"}],"wp:featuredmedia":[{"embeddable":true,"href":"https:\/\/www.wdshop.eu\/index.php\/wp-json\/wp\/v2\/media\/14889"}],"wp:attachment":[{"href":"https:\/\/www.wdshop.eu\/index.php\/wp-json\/wp\/v2\/media?parent=527"}],"wp:term":[{"taxonomy":"product_brand","embeddable":true,"href":"https:\/\/www.wdshop.eu\/index.php\/wp-json\/wp\/v2\/product_brand?post=527"},{"taxonomy":"product_cat","embeddable":true,"href":"https:\/\/www.wdshop.eu\/index.php\/wp-json\/wp\/v2\/product_cat?post=527"},{"taxonomy":"product_tag","embeddable":true,"href":"https:\/\/www.wdshop.eu\/index.php\/wp-json\/wp\/v2\/product_tag?post=527"}],"curies":[{"name":"wp","href":"https:\/\/api.w.org\/{rel}","templated":true}]}}