{"id":6043,"date":"2023-02-02T05:01:55","date_gmt":"2023-02-02T04:01:55","guid":{"rendered":"https:\/\/www.wdshop.eu\/?post_type=product&#038;p=6043"},"modified":"2025-11-29T18:44:09","modified_gmt":"2025-11-29T17:44:09","slug":"2roll-23-01","status":"publish","type":"product","link":"https:\/\/www.wdshop.eu\/index.php\/produkt\/2roll-23-01\/","title":{"rendered":"<span style=\"color: #808080;\"><small>Slovensko\/Slovakia <\/small><\/span><br\/> 2 EURO \u2013 <b>100. V\u00ddRO\u010cIE PRVEJ TRANSF\u00daZIE KRVI NA SLOVENSKU<\/b> \u2013 <strong style=\"color: #ff0000;\">UNC<\/strong> [2023] \u2013 <strong style=\"color: #ff0000;\">ROLL (25x)<\/strong>"},"content":{"rendered":"<p style=\"text-align: left;\"><strong>2 EURO 100. V\u00ddRO\u010cIE PRVEJ TRANSF\u00daZIE KRVI NA SLOVENSKU \u2013 <span style=\"color: #ff0000;\">UNC<\/span> | Slovensko\/Slovakia 2023 \u2013 <span style=\"color: #ff0000;\">Rolka\/Roll (25x)<\/span><br \/>\n<\/strong><\/p>\n<p style=\"text-align: left;\"><strong>Nomin\u00e1lna hodnota<\/strong> | <span style=\"color: #999999;\">Nominal value:<\/span> 2 EURO<strong><br \/>\n<\/strong><strong>Autor<\/strong> | <span style=\"color: #999999;\">Author:<\/span> <span class=\"x193iq5w xeuugli x13faqbe x1vvkbs x1xmvt09 x1lliihq x1s928wv xhkezso x1gmr53x x1cpjm7i x1fgarty x1943h6x xudqn12 x3x7a5m x6prxxf xvq8zen xo1l8bm xzsf02u x1yc453h\" dir=\"auto\">M\u00e1ria Poldaufov\u00e1<\/span><br \/>\n<strong>N\u00e1klad | <\/strong><span style=\"color: #999999;\">Quantity<strong>:<\/strong><\/span> 1.000.000 kusov\/pieces (5.000 <strong>\u2013<\/strong> PROOF | 4.000 <strong>\u2013<\/strong> BU)<br \/>\n<strong>D\u00e1tum vydania<\/strong> | <span style=\"color: #999999;\">Release date: <\/span>02.03.2023<br \/>\n<strong>Kvalita<\/strong> | <span style=\"color: #999999;\">Quality:<\/span> UNC (mincov\u00e1 rolka\/mint roll)<br \/>\n<strong>Rozmer |<\/strong> <span style=\"color: #999999;\">Size:<\/span> 25,75 mm | 2,20 mm<\/p>\n<p><strong>Kvalita UNC<\/strong><br \/>\nN\u00e1zov kvality poch\u00e1dza z anglick\u00e9ho slova <i><b>&#8222;uncirculated&#8220;<\/b><\/i>, \u010do znamen\u00e1 <b>neobehov\u00fd<\/b>. UNC kvalita euro minc\u00ed je najroz\u0161\u00edrenej\u0161ou kvalitou minc\u00ed. Tak\u00e1to minca sa raz\u00ed vo ve\u013ek\u00fdch mno\u017estv\u00e1ch a od obehovej kvality sa l\u00ed\u0161i len t\u00fdm, \u017ee sa do obehu nikdy nedostala a poch\u00e1dza priamo z banky. Jej hodnota je pochopite\u013ene vy\u0161\u0161ia ako je hodnota obehovej mince. S takouto mincou je potrebn\u00e9 spr\u00e1vne manipulova\u0165. V opa\u010dnom pr\u00edpade s nanesen\u00edm prachu \u010di mastnoty zost\u00e1vaj\u00fa na minci vidite\u013en\u00e9 odtla\u010dky, \u010d\u00edm sa u\u017e pova\u017euje za obehov\u00fa kvalitu. Pri manipul\u00e1ci\u00ed je vhodn\u00e9 pou\u017e\u00edva\u0165 bavlnen\u00e9 rukavice, pinzetu a mince ma\u0165 ulo\u017een\u00e9 v kvalitnom albume ur\u010denom na dan\u00fd \u00fa\u010del.<\/p>\n<p><span style=\"color: #999999;\"><strong>Quality UNC<\/strong><\/span><br \/>\n<span style=\"color: #999999;\">The name of the quality comes from the english word <em><strong>&#8222;uncirculated&#8220;<\/strong><\/em>, which means <strong>non-circulating<\/strong>. UNC quality euro coins are the most common quality coins. Such a coin is minted in large quantities and differs from the circulation quality only in that it has never entered circulation and comes directly from the bank. Its value is, of course, higher than the value of the circulation coin. Such a coin must be handled correctly. Otherwise, with the application of dust or grease, imprints remain visible on the coin, which is already considered a circulatory quality. When handling, it is advisable to use cotton gloves, tweezers and coins stored in a quality album designed for the purpose.<\/span><\/p>\n","protected":false},"excerpt":{"rendered":"<p>2 EURO 100. V\u00ddRO\u010cIE PRVEJ TRANSF\u00daZIE KRVI NA SLOVENSKU \u2013 UNC | Slovensko\/Slovakia 2023 \u2013 Rolka\/Roll (25x) Nomin\u00e1lna hodnota | Nominal value: 2 EURO Autor | Author: M\u00e1ria Poldaufov\u00e1 N\u00e1klad | Quantity: 1.000.000 kusov\/pieces (5.000 \u2013 PROOF | 4.000 \u2013 BU) D\u00e1tum vydania | Release date: 02.03.2023 Kvalita | Quality: UNC (mincov\u00e1 rolka\/mint roll) Rozmer [&hellip;]<\/p>\n","protected":false},"featured_media":13633,"template":"","meta":{"_monsterinsights_skip_tracking":false,"_monsterinsights_sitenote_active":false,"_monsterinsights_sitenote_note":"","_monsterinsights_sitenote_category":0},"product_brand":[],"product_cat":[47,123,137],"product_tag":[117],"class_list":{"0":"post-6043","1":"product","2":"type-product","3":"status-publish","4":"has-post-thumbnail","6":"product_cat-coins","7":"product_cat-2-euro","8":"product_cat-roll","9":"product_tag-117","11":"first","12":"instock","13":"shipping-taxable","14":"purchasable","15":"product-type-simple"},"_links":{"self":[{"href":"https:\/\/www.wdshop.eu\/index.php\/wp-json\/wp\/v2\/product\/6043","targetHints":{"allow":["GET"]}}],"collection":[{"href":"https:\/\/www.wdshop.eu\/index.php\/wp-json\/wp\/v2\/product"}],"about":[{"href":"https:\/\/www.wdshop.eu\/index.php\/wp-json\/wp\/v2\/types\/product"}],"wp:featuredmedia":[{"embeddable":true,"href":"https:\/\/www.wdshop.eu\/index.php\/wp-json\/wp\/v2\/media\/13633"}],"wp:attachment":[{"href":"https:\/\/www.wdshop.eu\/index.php\/wp-json\/wp\/v2\/media?parent=6043"}],"wp:term":[{"taxonomy":"product_brand","embeddable":true,"href":"https:\/\/www.wdshop.eu\/index.php\/wp-json\/wp\/v2\/product_brand?post=6043"},{"taxonomy":"product_cat","embeddable":true,"href":"https:\/\/www.wdshop.eu\/index.php\/wp-json\/wp\/v2\/product_cat?post=6043"},{"taxonomy":"product_tag","embeddable":true,"href":"https:\/\/www.wdshop.eu\/index.php\/wp-json\/wp\/v2\/product_tag?post=6043"}],"curies":[{"name":"wp","href":"https:\/\/api.w.org\/{rel}","templated":true}]}}